{"id":1332,"date":"2024-05-30T15:42:14","date_gmt":"2024-05-30T13:42:14","guid":{"rendered":"https:\/\/www.hydreco.de\/?page_id=1332"},"modified":"2025-03-06T11:06:09","modified_gmt":"2025-03-06T10:06:09","slug":"sitemap","status":"publish","type":"page","link":"https:\/\/www.hydreco.de\/en\/sitemap\/","title":{"rendered":"Sitemap Hydreco Hydraulics GmbH"},"content":{"rendered":"<div data-elementor-type=\"wp-page\" data-elementor-id=\"1332\" class=\"elementor elementor-1332\" data-elementor-post-type=\"page\">\n\t\t\t\t<div class=\"elementor-element elementor-element-15a9f747 animated-fast e-flex e-con-boxed elementor-invisible e-con e-parent\" data-id=\"15a9f747\" data-element_type=\"container\" data-e-type=\"container\" data-settings=\"{&quot;background_background&quot;:&quot;classic&quot;,&quot;jet_parallax_layout_list&quot;:[],&quot;animation&quot;:&quot;slideInDown&quot;}\">\n\t\t\t\t\t<div class=\"e-con-inner\">\n\t\t\t\t<div class=\"elementor-element elementor-element-76364a7b elementor-widget elementor-widget-heading\" data-id=\"76364a7b\" data-element_type=\"widget\" data-e-type=\"widget\" data-widget_type=\"heading.default\">\n\t\t\t\t<div class=\"elementor-widget-container\">\n\t\t\t\t\t<h1 class=\"elementor-heading-title elementor-size-default\">Sitemap<\/h1>\t\t\t\t<\/div>\n\t\t\t\t<\/div>\n\t\t\t\t<div class=\"elementor-element elementor-element-77a5cc66 elementor-widget elementor-widget-text-editor\" data-id=\"77a5cc66\" data-element_type=\"widget\" data-e-type=\"widget\" data-widget_type=\"text-editor.default\">\n\t\t\t\t<div class=\"elementor-widget-container\">\n\t\t\t\t\t\t\t\t\t<p>Our sitemap gives you a clear overview of the structure of our website. Here you can quickly find the information you need on our products, applications, services and career opportunities.<\/p><p>Use the sitemap for efficient navigation and discover everything that Hydreco Hydraulics has to offer.<\/p>\t\t\t\t\t\t\t\t<\/div>\n\t\t\t\t<\/div>\n\t\t\t\t\t<\/div>\n\t\t\t\t<\/div>\n\t\t<div class=\"elementor-element elementor-element-5295ac1 e-flex e-con-boxed e-con e-parent\" data-id=\"5295ac1\" data-element_type=\"container\" data-e-type=\"container\" data-settings=\"{&quot;jet_parallax_layout_list&quot;:[]}\">\n\t\t\t\t\t<div class=\"e-con-inner\">\n\t\t\t\t<div class=\"elementor-element elementor-element-2e321f8 elementor-widget elementor-widget-sitemap\" data-id=\"2e321f8\" data-element_type=\"widget\" data-e-type=\"widget\" data-widget_type=\"sitemap.default\">\n\t\t\t\t<div class=\"elementor-widget-container\">\n\t\t\t\t\t<div class=\"elementor-sitemap-wrap\"><div class=\"elementor-sitemap-section\"><h2 class=\"elementor-sitemap-title elementor-sitemap-page-title\">Pages<\/h2><ul class=\"elementor-sitemap-list elementor-sitemap-page-list\"><li class=\"elementor-sitemap-item elementor-sitemap-item-page page_item page-item-2\"><a href=\"https:\/\/www.hydreco.de\/en\/\">Hydreco Hydraulic<\/a><\/li><li class=\"elementor-sitemap-item elementor-sitemap-item-page page_item page-item-11\"><a href=\"https:\/\/www.hydreco.de\/en\/anwendungen\/\">Applications - Versatile hydraulic solutions<\/a><ul class='children'><li class=\"elementor-sitemap-item elementor-sitemap-item-page page_item page-item-2617\"><a href=\"https:\/\/www.hydreco.de\/en\/anwendungen\/landmaschinen\/\">Hydraulics for agricultural machinery<\/a><\/li><li class=\"elementor-sitemap-item elementor-sitemap-item-page page_item page-item-619\"><a href=\"https:\/\/www.hydreco.de\/en\/anwendungen\/baumaschinen\/\">Hydraulics for construction machinery<\/a><\/li><li class=\"elementor-sitemap-item elementor-sitemap-item-page page_item page-item-620\"><a href=\"https:\/\/www.hydreco.de\/en\/anwendungen\/nutzfahrzeuge\/\">Hydraulics for commercial vehicles<\/a><\/li><li class=\"elementor-sitemap-item elementor-sitemap-item-page page_item page-item-621\"><a href=\"https:\/\/www.hydreco.de\/en\/anwendungen\/flurfoerderzeuge\/\">Hydraulics for industrial trucks<\/a><\/li><li class=\"elementor-sitemap-item elementor-sitemap-item-page page_item page-item-622\"><a href=\"https:\/\/www.hydreco.de\/en\/anwendungen\/holzverarbeitung\/\">Hydraulic solutions in wood processing<\/a><\/li><li class=\"elementor-sitemap-item elementor-sitemap-item-page page_item page-item-623\"><a href=\"https:\/\/www.hydreco.de\/en\/anwendungen\/mikrohydraulik\/\">Micro hydraulics in medical technology<\/a><\/li><\/ul><\/li><li class=\"elementor-sitemap-item elementor-sitemap-item-page page_item page-item-13\"><a href=\"https:\/\/www.hydreco.de\/en\/produkte\/\">Produkte von Hydreco Hydraulics<\/a><ul class='children'><li class=\"elementor-sitemap-item elementor-sitemap-item-page page_item page-item-605\"><a href=\"https:\/\/www.hydreco.de\/en\/produkte\/hydraulikzylinder\/\">Hydraulikzylinder von Hydreco Hydraulics<\/a><\/li><li class=\"elementor-sitemap-item elementor-sitemap-item-page page_item page-item-607\"><a href=\"https:\/\/www.hydreco.de\/en\/produkte\/ventil-steuerungstechnik\/\">Ventil- &#038; Steuerungstechnik von Hydreco Hydraulics<\/a><\/li><li class=\"elementor-sitemap-item elementor-sitemap-item-page page_item page-item-608\"><a href=\"https:\/\/www.hydreco.de\/en\/produkte\/test\/\">Microhydraulics<\/a><\/li><li class=\"elementor-sitemap-item elementor-sitemap-item-page page_item page-item-610\"><a href=\"https:\/\/www.hydreco.de\/en\/produkte\/systeme\/\">Hydraulische Systeme<\/a><\/li><li class=\"elementor-sitemap-item elementor-sitemap-item-page page_item page-item-3326\"><a href=\"https:\/\/www.hydreco.de\/en\/produkte\/produktsupport\/\">Hydreco Hydraulics Produktsupport<\/a><\/li><li class=\"elementor-sitemap-item elementor-sitemap-item-page page_item page-item-3727\"><a href=\"https:\/\/www.hydreco.de\/en\/produkte\/ventile\/\">Hydraulikventile von Hydreco Hydraulics<\/a><\/li><li class=\"elementor-sitemap-item elementor-sitemap-item-page page_item page-item-1227\"><a href=\"https:\/\/www.hydreco.de\/en\/produkte\/pumpen\/\">Hydraulikpumpen von Hydreco Hydraulics<\/a><\/li><li class=\"elementor-sitemap-item elementor-sitemap-item-page page_item page-item-3725\"><a href=\"https:\/\/www.hydreco.de\/en\/produkte\/joysticks\/\">Joysticks for hydraulic applications<\/a><\/li><\/ul><\/li><li class=\"elementor-sitemap-item elementor-sitemap-item-page page_item page-item-15\"><a href=\"https:\/\/www.hydreco.de\/en\/service\/\">Service von Hydreco Hydraulics<\/a><\/li><li class=\"elementor-sitemap-item elementor-sitemap-item-page page_item page-item-19\"><a href=\"https:\/\/www.hydreco.de\/en\/karriere\/\">Careers at Hydreco Hydraulics<\/a><\/li><li class=\"elementor-sitemap-item elementor-sitemap-item-page page_item page-item-6200\"><a href=\"https:\/\/www.hydreco.de\/en\/unternehmen\/\">Das Unternehmen Hydreco Hydraulics GmbH<\/a><\/li><li class=\"elementor-sitemap-item elementor-sitemap-item-page page_item page-item-7439\"><a href=\"https:\/\/www.hydreco.de\/en\/news-pressemitteilungen\/\">Press<\/a><\/li><li class=\"elementor-sitemap-item elementor-sitemap-item-page page_item page-item-21\"><a href=\"https:\/\/www.hydreco.de\/en\/kontakt\/\">Kontakt zu Hydreco Hydraulics<\/a><\/li><li class=\"elementor-sitemap-item elementor-sitemap-item-page page_item page-item-7503\"><a href=\"https:\/\/www.hydreco.de\/en\/de-elynx-sensor\/\">DE-Elynx-Sensor<\/a><\/li><li class=\"elementor-sitemap-item elementor-sitemap-item-page page_item page-item-7550\"><a href=\"https:\/\/www.hydreco.de\/en\/it-elynx-sensor\/\">it-Elynx-Sensor<\/a><\/li><li class=\"elementor-sitemap-item elementor-sitemap-item-page page_item page-item-7552\"><a href=\"https:\/\/www.hydreco.de\/en\/en-elynx-sensor\/\">en-Elynx-Sensor<\/a><\/li><li class=\"elementor-sitemap-item elementor-sitemap-item-page page_item page-item-1332\"><a href=\"https:\/\/www.hydreco.de\/en\/sitemap\/\">Sitemap Hydreco Hydraulics GmbH<\/a><\/li><li class=\"elementor-sitemap-item elementor-sitemap-item-page page_item page-item-4477\"><a href=\"https:\/\/www.hydreco.de\/en\/impressum\/\">Impressum Hydreco Hydraulics<\/a><\/li><li class=\"elementor-sitemap-item elementor-sitemap-item-page page_item page-item-4479\"><a href=\"https:\/\/www.hydreco.de\/en\/datenschutz\/\">Datenschutz Hydreco Hydraulics GmbH<\/a><\/li><li class=\"elementor-sitemap-item elementor-sitemap-item-page page_item page-item-8174\"><a href=\"https:\/\/www.hydreco.de\/en\/einkaufsbedingungen\/\">Einkaufsbedingungen Hydreco Hydraulics GmbH<\/a><\/li><li class=\"elementor-sitemap-item elementor-sitemap-item-page page_item page-item-7357\"><a href=\"https:\/\/www.hydreco.de\/en\/cookies\/\">Cookies<\/a><\/li><li class=\"elementor-sitemap-item elementor-sitemap-item-page page_item page-item-3455\"><a href=\"https:\/\/www.hydreco.de\/en\/suche-eingabe\/\">Suche Hydreco Hydraulics<\/a><\/li><\/ul><\/div><\/div>\t\t\t\t<\/div>\n\t\t\t\t<\/div>\n\t\t\t\t\t<\/div>\n\t\t\t\t<\/div>\n\t\t<div class=\"elementor-element elementor-element-6d829b3b e-con-full e-flex e-con e-parent\" data-id=\"6d829b3b\" data-element_type=\"container\" data-e-type=\"container\" data-settings=\"{&quot;jet_parallax_layout_list&quot;:[],&quot;background_background&quot;:&quot;classic&quot;}\">\n\t\t\t\t<div class=\"elementor-element elementor-element-72afc35f elementor-widget__width-inherit elementor-widget elementor-widget-template\" data-id=\"72afc35f\" data-element_type=\"widget\" data-e-type=\"widget\" data-widget_type=\"template.default\">\n\t\t\t\t<div class=\"elementor-widget-container\">\n\t\t\t\t\t\t\t<div class=\"elementor-template\">\n\t\t\t\t\t<div data-elementor-type=\"container\" data-elementor-id=\"1502\" class=\"elementor elementor-1502\" data-elementor-post-type=\"elementor_library\">\n\t\t\t\t<div class=\"elementor-element elementor-element-1e7627c e-con-full e-flex elementor-invisible e-con e-parent\" data-id=\"1e7627c\" data-element_type=\"container\" data-e-type=\"container\" data-settings=\"{&quot;background_background&quot;:&quot;gradient&quot;,&quot;jet_parallax_layout_list&quot;:[],&quot;animation&quot;:&quot;slideInUp&quot;,&quot;animation_delay&quot;:0}\">\n\t\t<div class=\"elementor-element elementor-element-3e1080f0 e-con-full e-flex e-con e-child\" data-id=\"3e1080f0\" data-element_type=\"container\" data-e-type=\"container\" data-settings=\"{&quot;jet_parallax_layout_list&quot;:[]}\">\n\t\t\t\t<div class=\"elementor-element elementor-element-8aabd67 elementor-widget elementor-widget-image\" data-id=\"8aabd67\" data-element_type=\"widget\" data-e-type=\"widget\" data-widget_type=\"image.default\">\n\t\t\t\t<div class=\"elementor-widget-container\">\n\t\t\t\t\t\t\t\t\t\t\t\t\t\t\t<img fetchpriority=\"high\" decoding=\"async\" width=\"800\" height=\"446\" src=\"https:\/\/www.hydreco.de\/wp-content\/uploads\/2024\/05\/Till-Hydraulik-CTA-Service-Beratung.jpg\" class=\"attachment-large size-large wp-image-183\" alt=\"Till-Hydraulik-CTA-Service-Beratung\" srcset=\"https:\/\/www.hydreco.de\/wp-content\/uploads\/2024\/05\/Till-Hydraulik-CTA-Service-Beratung.jpg 1000w, https:\/\/www.hydreco.de\/wp-content\/uploads\/2024\/05\/Till-Hydraulik-CTA-Service-Beratung-300x167.jpg 300w, https:\/\/www.hydreco.de\/wp-content\/uploads\/2024\/05\/Till-Hydraulik-CTA-Service-Beratung-768x429.jpg 768w, https:\/\/www.hydreco.de\/wp-content\/uploads\/2024\/05\/Till-Hydraulik-CTA-Service-Beratung-18x10.jpg 18w\" sizes=\"(max-width: 800px) 100vw, 800px\" \/>\t\t\t\t\t\t\t\t\t\t\t\t\t\t\t<\/div>\n\t\t\t\t<\/div>\n\t\t\t\t<\/div>\n\t\t<div class=\"elementor-element elementor-element-1f5b471d e-con-full e-flex e-con e-child\" data-id=\"1f5b471d\" data-element_type=\"container\" data-e-type=\"container\" data-settings=\"{&quot;jet_parallax_layout_list&quot;:[]}\">\n\t\t\t\t<div class=\"elementor-element elementor-element-46b89309 elementor-widget elementor-widget-heading\" data-id=\"46b89309\" data-element_type=\"widget\" data-e-type=\"widget\" data-widget_type=\"heading.default\">\n\t\t\t\t<div class=\"elementor-widget-container\">\n\t\t\t\t\t<h2 class=\"elementor-heading-title elementor-size-default\">How can we help you?<\/h2>\t\t\t\t<\/div>\n\t\t\t\t<\/div>\n\t\t\t\t<div class=\"elementor-element elementor-element-7c206f47 elementor-widget elementor-widget-text-editor\" data-id=\"7c206f47\" data-element_type=\"widget\" data-e-type=\"widget\" data-widget_type=\"text-editor.default\">\n\t\t\t\t<div class=\"elementor-widget-container\">\n\t\t\t\t\t\t\t\t\t<p>Contact us now for customised hydraulic solutions that meet your requirements!<\/p>\t\t\t\t\t\t\t\t<\/div>\n\t\t\t\t<\/div>\n\t\t\t\t<div class=\"elementor-element elementor-element-6ee109ab elementor-widget elementor-widget-text-editor\" data-id=\"6ee109ab\" data-element_type=\"widget\" data-e-type=\"widget\" data-widget_type=\"text-editor.default\">\n\t\t\t\t<div class=\"elementor-widget-container\">\n\t\t\t\t\t\t\t\t\t<p><a href=\"tel:+49 5351 \/ 5586 0\">+49 5351 \/ 5586 0<\/a><br \/><a href=\"mailto:info@hydreco.de\">info@hydreco.de<\/a><\/p>\t\t\t\t\t\t\t\t<\/div>\n\t\t\t\t<\/div>\n\t\t\t\t<\/div>\n\t\t\t\t<\/div>\n\t\t\t\t<\/div>\n\t\t\t\t<\/div>\n\t\t\t\t\t\t<\/div>\n\t\t\t\t<\/div>\n\t\t\t\t<\/div>\n\t\t\t\t<\/div>","protected":false},"excerpt":{"rendered":"<p>Sitemap Unsere Sitemap bietet Ihnen einen klaren \u00dcberblick \u00fcber die Struktur unserer Website. Hier finden Sie schnell die gew\u00fcnschten Informationen zu unseren Produkten, Anwendungen, Serviceleistungen und Karrierem\u00f6glichkeiten. Nutzen Sie die Sitemap f\u00fcr eine effiziente Navigation und entdecken Sie alles, was Hydreco Hydraulics zu bieten hat.<\/p>","protected":false},"author":1,"featured_media":0,"parent":0,"menu_order":980,"comment_status":"closed","ping_status":"closed","template":"elementor_header_footer","meta":{"footnotes":""},"folder":[],"class_list":["post-1332","page","type-page","status-publish","hentry"],"yoast_head":"<!-- This site is optimized with the Yoast SEO plugin v27.3 - https:\/\/yoast.com\/product\/yoast-seo-wordpress\/ -->\n<title>Sitemap Hydreco Hydraulics GmbH - www.hydreco.de<\/title>\n<meta name=\"description\" content=\"Sitemap von Till Hydraulik \u2013 Finden Sie schnell und einfach alle wichtigen Informationen und Seiteninhalte unseres Unternehmens.\" \/>\n<meta name=\"robots\" content=\"index, follow, max-snippet:-1, max-image-preview:large, max-video-preview:-1\" \/>\n<link rel=\"canonical\" href=\"https:\/\/www.hydreco.de\/en\/sitemap\/\" \/>\n<meta property=\"og:locale\" content=\"en_GB\" \/>\n<meta property=\"og:type\" content=\"article\" \/>\n<meta property=\"og:title\" content=\"Sitemap Hydreco Hydraulics GmbH - www.hydreco.de\" \/>\n<meta property=\"og:description\" content=\"Sitemap von Till Hydraulik \u2013 Finden Sie schnell und einfach alle wichtigen Informationen und Seiteninhalte unseres Unternehmens.\" \/>\n<meta property=\"og:url\" content=\"https:\/\/www.hydreco.de\/en\/sitemap\/\" \/>\n<meta property=\"og:site_name\" content=\"www.hydreco.de\" \/>\n<meta property=\"article:modified_time\" content=\"2025-03-06T10:06:09+00:00\" \/>\n<meta name=\"twitter:card\" content=\"summary_large_image\" \/>\n<meta name=\"twitter:label1\" content=\"Estimated reading time\" \/>\n\t<meta name=\"twitter:data1\" content=\"2 minutes\" \/>\n<script type=\"application\/ld+json\" class=\"yoast-schema-graph\">{\"@context\":\"https:\\\/\\\/schema.org\",\"@graph\":[{\"@type\":\"WebPage\",\"@id\":\"https:\\\/\\\/www.hydreco.de\\\/sitemap\\\/\",\"url\":\"https:\\\/\\\/www.hydreco.de\\\/sitemap\\\/\",\"name\":\"Sitemap Hydreco Hydraulics GmbH - www.hydreco.de\",\"isPartOf\":{\"@id\":\"https:\\\/\\\/www.hydreco.de\\\/#website\"},\"datePublished\":\"2024-05-30T13:42:14+00:00\",\"dateModified\":\"2025-03-06T10:06:09+00:00\",\"description\":\"Sitemap von Till Hydraulik \u2013 Finden Sie schnell und einfach alle wichtigen Informationen und Seiteninhalte unseres Unternehmens.\",\"breadcrumb\":{\"@id\":\"https:\\\/\\\/www.hydreco.de\\\/sitemap\\\/#breadcrumb\"},\"inLanguage\":\"en-GB\",\"potentialAction\":[{\"@type\":\"ReadAction\",\"target\":[\"https:\\\/\\\/www.hydreco.de\\\/sitemap\\\/\"]}]},{\"@type\":\"BreadcrumbList\",\"@id\":\"https:\\\/\\\/www.hydreco.de\\\/sitemap\\\/#breadcrumb\",\"itemListElement\":[{\"@type\":\"ListItem\",\"position\":1,\"name\":\"Home\",\"item\":\"https:\\\/\\\/www.hydreco.de\\\/\"},{\"@type\":\"ListItem\",\"position\":2,\"name\":\"Sitemap\"}]},{\"@type\":\"WebSite\",\"@id\":\"https:\\\/\\\/www.hydreco.de\\\/#website\",\"url\":\"https:\\\/\\\/www.hydreco.de\\\/\",\"name\":\"www.hydreco.de\",\"description\":\"Hydraulik-L\u00f6sungen f\u00fcr alle Anwendungen\",\"publisher\":{\"@id\":\"https:\\\/\\\/www.hydreco.de\\\/#organization\"},\"potentialAction\":[{\"@type\":\"SearchAction\",\"target\":{\"@type\":\"EntryPoint\",\"urlTemplate\":\"https:\\\/\\\/www.hydreco.de\\\/?s={search_term_string}\"},\"query-input\":{\"@type\":\"PropertyValueSpecification\",\"valueRequired\":true,\"valueName\":\"search_term_string\"}}],\"inLanguage\":\"en-GB\"},{\"@type\":\"Organization\",\"@id\":\"https:\\\/\\\/www.hydreco.de\\\/#organization\",\"name\":\"www.hydreco.de\",\"url\":\"https:\\\/\\\/www.hydreco.de\\\/\",\"logo\":{\"@type\":\"ImageObject\",\"inLanguage\":\"en-GB\",\"@id\":\"https:\\\/\\\/www.hydreco.de\\\/#\\\/schema\\\/logo\\\/image\\\/\",\"url\":\"https:\\\/\\\/www.hydreco.de\\\/wp-content\\\/uploads\\\/2025\\\/06\\\/Logo-Hydreco-Move-Modern.svg\",\"contentUrl\":\"https:\\\/\\\/www.hydreco.de\\\/wp-content\\\/uploads\\\/2025\\\/06\\\/Logo-Hydreco-Move-Modern.svg\",\"width\":334.83,\"height\":45.79,\"caption\":\"www.hydreco.de\"},\"image\":{\"@id\":\"https:\\\/\\\/www.hydreco.de\\\/#\\\/schema\\\/logo\\\/image\\\/\"}}]}<\/script>\n<!-- \/ Yoast SEO plugin. -->","yoast_head_json":{"title":"Sitemap Hydreco Hydraulics GmbH - www.hydreco.de","description":"Sitemap von Till Hydraulik \u2013 Finden Sie schnell und einfach alle wichtigen Informationen und Seiteninhalte unseres Unternehmens.","robots":{"index":"index","follow":"follow","max-snippet":"max-snippet:-1","max-image-preview":"max-image-preview:large","max-video-preview":"max-video-preview:-1"},"canonical":"https:\/\/www.hydreco.de\/en\/sitemap\/","og_locale":"en_GB","og_type":"article","og_title":"Sitemap Hydreco Hydraulics GmbH - www.hydreco.de","og_description":"Sitemap von Till Hydraulik \u2013 Finden Sie schnell und einfach alle wichtigen Informationen und Seiteninhalte unseres Unternehmens.","og_url":"https:\/\/www.hydreco.de\/en\/sitemap\/","og_site_name":"www.hydreco.de","article_modified_time":"2025-03-06T10:06:09+00:00","twitter_card":"summary_large_image","twitter_misc":{"Estimated reading time":"2 minutes"},"schema":{"@context":"https:\/\/schema.org","@graph":[{"@type":"WebPage","@id":"https:\/\/www.hydreco.de\/sitemap\/","url":"https:\/\/www.hydreco.de\/sitemap\/","name":"Sitemap Hydreco Hydraulics GmbH - www.hydreco.de","isPartOf":{"@id":"https:\/\/www.hydreco.de\/#website"},"datePublished":"2024-05-30T13:42:14+00:00","dateModified":"2025-03-06T10:06:09+00:00","description":"Sitemap von Till Hydraulik \u2013 Finden Sie schnell und einfach alle wichtigen Informationen und Seiteninhalte unseres Unternehmens.","breadcrumb":{"@id":"https:\/\/www.hydreco.de\/sitemap\/#breadcrumb"},"inLanguage":"en-GB","potentialAction":[{"@type":"ReadAction","target":["https:\/\/www.hydreco.de\/sitemap\/"]}]},{"@type":"BreadcrumbList","@id":"https:\/\/www.hydreco.de\/sitemap\/#breadcrumb","itemListElement":[{"@type":"ListItem","position":1,"name":"Home","item":"https:\/\/www.hydreco.de\/"},{"@type":"ListItem","position":2,"name":"Sitemap"}]},{"@type":"WebSite","@id":"https:\/\/www.hydreco.de\/#website","url":"https:\/\/www.hydreco.de\/","name":"www.hydreco.de","description":"Hydraulik-L\u00f6sungen f\u00fcr alle Anwendungen","publisher":{"@id":"https:\/\/www.hydreco.de\/#organization"},"potentialAction":[{"@type":"SearchAction","target":{"@type":"EntryPoint","urlTemplate":"https:\/\/www.hydreco.de\/?s={search_term_string}"},"query-input":{"@type":"PropertyValueSpecification","valueRequired":true,"valueName":"search_term_string"}}],"inLanguage":"en-GB"},{"@type":"Organization","@id":"https:\/\/www.hydreco.de\/#organization","name":"www.hydreco.de","url":"https:\/\/www.hydreco.de\/","logo":{"@type":"ImageObject","inLanguage":"en-GB","@id":"https:\/\/www.hydreco.de\/#\/schema\/logo\/image\/","url":"https:\/\/www.hydreco.de\/wp-content\/uploads\/2025\/06\/Logo-Hydreco-Move-Modern.svg","contentUrl":"https:\/\/www.hydreco.de\/wp-content\/uploads\/2025\/06\/Logo-Hydreco-Move-Modern.svg","width":334.83,"height":45.79,"caption":"www.hydreco.de"},"image":{"@id":"https:\/\/www.hydreco.de\/#\/schema\/logo\/image\/"}}]}},"_links":{"self":[{"href":"https:\/\/www.hydreco.de\/en\/wp-json\/wp\/v2\/pages\/1332","targetHints":{"allow":["GET"]}}],"collection":[{"href":"https:\/\/www.hydreco.de\/en\/wp-json\/wp\/v2\/pages"}],"about":[{"href":"https:\/\/www.hydreco.de\/en\/wp-json\/wp\/v2\/types\/page"}],"author":[{"embeddable":true,"href":"https:\/\/www.hydreco.de\/en\/wp-json\/wp\/v2\/users\/1"}],"replies":[{"embeddable":true,"href":"https:\/\/www.hydreco.de\/en\/wp-json\/wp\/v2\/comments?post=1332"}],"version-history":[{"count":93,"href":"https:\/\/www.hydreco.de\/en\/wp-json\/wp\/v2\/pages\/1332\/revisions"}],"predecessor-version":[{"id":7012,"href":"https:\/\/www.hydreco.de\/en\/wp-json\/wp\/v2\/pages\/1332\/revisions\/7012"}],"wp:attachment":[{"href":"https:\/\/www.hydreco.de\/en\/wp-json\/wp\/v2\/media?parent=1332"}],"wp:term":[{"taxonomy":"folder","embeddable":true,"href":"https:\/\/www.hydreco.de\/en\/wp-json\/wp\/v2\/folder?post=1332"}],"curies":[{"name":"wp","href":"https:\/\/api.w.org\/{rel}","templated":true}]}}