{"id":4477,"date":"2024-09-05T14:26:41","date_gmt":"2024-09-05T12:26:41","guid":{"rendered":"https:\/\/www.hydreco.de\/?page_id=4477"},"modified":"2025-12-05T10:25:22","modified_gmt":"2025-12-05T09:25:22","slug":"impressum","status":"publish","type":"page","link":"https:\/\/www.hydreco.de\/en\/impressum\/","title":{"rendered":"Impressum Hydreco Hydraulics"},"content":{"rendered":"<div data-elementor-type=\"wp-page\" data-elementor-id=\"4477\" class=\"elementor elementor-4477\" data-elementor-post-type=\"page\">\n\t\t\t\t<div class=\"elementor-element elementor-element-15a9f747 animated-fast e-flex e-con-boxed elementor-invisible e-con e-parent\" data-id=\"15a9f747\" data-element_type=\"container\" data-e-type=\"container\" data-settings=\"{&quot;background_background&quot;:&quot;classic&quot;,&quot;jet_parallax_layout_list&quot;:[],&quot;animation&quot;:&quot;slideInDown&quot;}\">\n\t\t\t\t\t<div class=\"e-con-inner\">\n\t\t\t\t<div class=\"elementor-element elementor-element-76364a7b elementor-widget elementor-widget-heading\" data-id=\"76364a7b\" data-element_type=\"widget\" data-e-type=\"widget\" data-widget_type=\"heading.default\">\n\t\t\t\t<div class=\"elementor-widget-container\">\n\t\t\t\t\t<h1 class=\"elementor-heading-title elementor-size-default\">Legal notice<\/h1>\t\t\t\t<\/div>\n\t\t\t\t<\/div>\n\t\t\t\t\t<\/div>\n\t\t\t\t<\/div>\n\t\t<div class=\"elementor-element elementor-element-5295ac1 e-flex e-con-boxed e-con e-parent\" data-id=\"5295ac1\" data-element_type=\"container\" data-e-type=\"container\" data-settings=\"{&quot;jet_parallax_layout_list&quot;:[]}\">\n\t\t\t\t\t<div class=\"e-con-inner\">\n\t\t\t\t<div class=\"elementor-element elementor-element-e69059b elementor-widget elementor-widget-text-editor\" data-id=\"e69059b\" data-element_type=\"widget\" data-e-type=\"widget\" data-widget_type=\"text-editor.default\">\n\t\t\t\t<div class=\"elementor-widget-container\">\n\t\t\t\t\t\t\t\t\t<p>Hydreco Hydraulics GmbH<br \/>M\u00fchlgraben 13 + 14<br \/>38350 Helmstedt<\/p><p>Handelsregister: HRB 211 661<br \/>Registergericht: Amtsgericht Braunschweig<\/p><p><strong>Vertreten durch:<\/strong><br \/>Wolfgang Hesse<br \/>Roberto Maddalon<\/p><h5>Contact us<\/h5><p>Phone: <a href=\"tel:+49 (0) 5351 5586 0\">+49 (0) 5351 5586 0<\/a><br \/>Telefax: +49 (0) 5351 37324<br \/>E-mail: <a href=\"mailto:info@hydreco.de\">info@hydreco.de<\/a><\/p><h5>Umsatzsteuer-ID<\/h5><p>Umsatzsteuer-Identifikationsnummer gem\u00e4\u00df \u00a7 27 a Umsatzsteuergesetz:<br \/>DE 115 863 599<\/p><h5>Verbraucher\u00adstreit\u00adbeilegung\/Universal\u00adschlichtungs\u00adstelle<\/h5><p>Wir sind nicht bereit oder verpflichtet, an Streitbeilegungsverfahren vor einer Verbraucherschlichtungsstelle teilzunehmen.<\/p>\t\t\t\t\t\t\t\t<\/div>\n\t\t\t\t<\/div>\n\t\t\t\t\t<\/div>\n\t\t\t\t<\/div>\n\t\t\t\t<\/div>","protected":false},"excerpt":{"rendered":"<p>Impressum Hydreco Hydraulics GmbHM\u00fchlgraben 13 + 1438350 Helmstedt Handelsregister: HRB 211 661Registergericht: Amtsgericht Braunschweig Vertreten durch:Wolfgang HesseRoberto Maddalon Kontakt Telefon: +49 (0) 5351 5586 0Telefax: +49 (0) 5351 37324E-Mail: info@hydreco.de Umsatzsteuer-ID Umsatzsteuer-Identifikationsnummer gem\u00e4\u00df \u00a7 27 a Umsatzsteuergesetz:DE 115 863 599 Verbraucher\u00adstreit\u00adbeilegung\/Universal\u00adschlichtungs\u00adstelle Wir sind nicht bereit oder verpflichtet, an Streitbeilegungsverfahren vor einer Verbraucherschlichtungsstelle teilzunehmen.<\/p>","protected":false},"author":1,"featured_media":0,"parent":0,"menu_order":981,"comment_status":"closed","ping_status":"closed","template":"elementor_header_footer","meta":{"footnotes":""},"folder":[],"class_list":["post-4477","page","type-page","status-publish","hentry"],"yoast_head":"<!-- This site is optimized with the Yoast SEO plugin v27.4 - https:\/\/yoast.com\/product\/yoast-seo-wordpress\/ -->\n<title>Impressum Hydreco Hydraulics - www.hydreco.de<\/title>\n<meta name=\"description\" content=\"Datenschutzerkl\u00e4rung von Till Hydraulik \u2013 Erfahren Sie, wie wir Ihre pers\u00f6nlichen Daten verarbeiten und sch\u00fctzen, um Ihre Privatsph\u00e4re zu gew\u00e4hrleisten.\" \/>\n<meta name=\"robots\" content=\"index, follow, max-snippet:-1, max-image-preview:large, max-video-preview:-1\" \/>\n<link rel=\"canonical\" href=\"https:\/\/www.hydreco.de\/en\/impressum\/\" \/>\n<meta property=\"og:locale\" content=\"en_GB\" \/>\n<meta property=\"og:type\" content=\"article\" \/>\n<meta property=\"og:title\" content=\"Impressum Hydreco Hydraulics - www.hydreco.de\" \/>\n<meta property=\"og:description\" content=\"Datenschutzerkl\u00e4rung von Till Hydraulik \u2013 Erfahren Sie, wie wir Ihre pers\u00f6nlichen Daten verarbeiten und sch\u00fctzen, um Ihre Privatsph\u00e4re zu gew\u00e4hrleisten.\" \/>\n<meta property=\"og:url\" content=\"https:\/\/www.hydreco.de\/en\/impressum\/\" \/>\n<meta property=\"og:site_name\" content=\"www.hydreco.de\" \/>\n<meta property=\"article:modified_time\" content=\"2025-12-05T09:25:22+00:00\" \/>\n<meta name=\"twitter:card\" content=\"summary_large_image\" \/>\n<meta name=\"twitter:label1\" content=\"Estimated reading time\" \/>\n\t<meta name=\"twitter:data1\" content=\"1 minute\" \/>\n<script type=\"application\/ld+json\" class=\"yoast-schema-graph\">{\"@context\":\"https:\\\/\\\/schema.org\",\"@graph\":[{\"@type\":\"WebPage\",\"@id\":\"https:\\\/\\\/www.hydreco.de\\\/impressum\\\/\",\"url\":\"https:\\\/\\\/www.hydreco.de\\\/impressum\\\/\",\"name\":\"Impressum Hydreco Hydraulics - www.hydreco.de\",\"isPartOf\":{\"@id\":\"https:\\\/\\\/www.hydreco.de\\\/#website\"},\"datePublished\":\"2024-09-05T12:26:41+00:00\",\"dateModified\":\"2025-12-05T09:25:22+00:00\",\"description\":\"Datenschutzerkl\u00e4rung von Till Hydraulik \u2013 Erfahren Sie, wie wir Ihre pers\u00f6nlichen Daten verarbeiten und sch\u00fctzen, um Ihre Privatsph\u00e4re zu gew\u00e4hrleisten.\",\"breadcrumb\":{\"@id\":\"https:\\\/\\\/www.hydreco.de\\\/impressum\\\/#breadcrumb\"},\"inLanguage\":\"en-GB\",\"potentialAction\":[{\"@type\":\"ReadAction\",\"target\":[\"https:\\\/\\\/www.hydreco.de\\\/impressum\\\/\"]}]},{\"@type\":\"BreadcrumbList\",\"@id\":\"https:\\\/\\\/www.hydreco.de\\\/impressum\\\/#breadcrumb\",\"itemListElement\":[{\"@type\":\"ListItem\",\"position\":1,\"name\":\"Home\",\"item\":\"https:\\\/\\\/www.hydreco.de\\\/\"},{\"@type\":\"ListItem\",\"position\":2,\"name\":\"Impressum\"}]},{\"@type\":\"WebSite\",\"@id\":\"https:\\\/\\\/www.hydreco.de\\\/#website\",\"url\":\"https:\\\/\\\/www.hydreco.de\\\/\",\"name\":\"www.hydreco.de\",\"description\":\"Hydraulik-L\u00f6sungen f\u00fcr alle Anwendungen\",\"publisher\":{\"@id\":\"https:\\\/\\\/www.hydreco.de\\\/#organization\"},\"potentialAction\":[{\"@type\":\"SearchAction\",\"target\":{\"@type\":\"EntryPoint\",\"urlTemplate\":\"https:\\\/\\\/www.hydreco.de\\\/?s={search_term_string}\"},\"query-input\":{\"@type\":\"PropertyValueSpecification\",\"valueRequired\":true,\"valueName\":\"search_term_string\"}}],\"inLanguage\":\"en-GB\"},{\"@type\":\"Organization\",\"@id\":\"https:\\\/\\\/www.hydreco.de\\\/#organization\",\"name\":\"www.hydreco.de\",\"url\":\"https:\\\/\\\/www.hydreco.de\\\/\",\"logo\":{\"@type\":\"ImageObject\",\"inLanguage\":\"en-GB\",\"@id\":\"https:\\\/\\\/www.hydreco.de\\\/#\\\/schema\\\/logo\\\/image\\\/\",\"url\":\"https:\\\/\\\/www.hydreco.de\\\/wp-content\\\/uploads\\\/2025\\\/06\\\/Logo-Hydreco-Move-Modern.svg\",\"contentUrl\":\"https:\\\/\\\/www.hydreco.de\\\/wp-content\\\/uploads\\\/2025\\\/06\\\/Logo-Hydreco-Move-Modern.svg\",\"width\":334.83,\"height\":45.79,\"caption\":\"www.hydreco.de\"},\"image\":{\"@id\":\"https:\\\/\\\/www.hydreco.de\\\/#\\\/schema\\\/logo\\\/image\\\/\"}}]}<\/script>\n<!-- \/ Yoast SEO plugin. -->","yoast_head_json":{"title":"Impressum Hydreco Hydraulics - www.hydreco.de","description":"Datenschutzerkl\u00e4rung von Till Hydraulik \u2013 Erfahren Sie, wie wir Ihre pers\u00f6nlichen Daten verarbeiten und sch\u00fctzen, um Ihre Privatsph\u00e4re zu gew\u00e4hrleisten.","robots":{"index":"index","follow":"follow","max-snippet":"max-snippet:-1","max-image-preview":"max-image-preview:large","max-video-preview":"max-video-preview:-1"},"canonical":"https:\/\/www.hydreco.de\/en\/impressum\/","og_locale":"en_GB","og_type":"article","og_title":"Impressum Hydreco Hydraulics - www.hydreco.de","og_description":"Datenschutzerkl\u00e4rung von Till Hydraulik \u2013 Erfahren Sie, wie wir Ihre pers\u00f6nlichen Daten verarbeiten und sch\u00fctzen, um Ihre Privatsph\u00e4re zu gew\u00e4hrleisten.","og_url":"https:\/\/www.hydreco.de\/en\/impressum\/","og_site_name":"www.hydreco.de","article_modified_time":"2025-12-05T09:25:22+00:00","twitter_card":"summary_large_image","twitter_misc":{"Estimated reading time":"1 minute"},"schema":{"@context":"https:\/\/schema.org","@graph":[{"@type":"WebPage","@id":"https:\/\/www.hydreco.de\/impressum\/","url":"https:\/\/www.hydreco.de\/impressum\/","name":"Impressum Hydreco Hydraulics - www.hydreco.de","isPartOf":{"@id":"https:\/\/www.hydreco.de\/#website"},"datePublished":"2024-09-05T12:26:41+00:00","dateModified":"2025-12-05T09:25:22+00:00","description":"Datenschutzerkl\u00e4rung von Till Hydraulik \u2013 Erfahren Sie, wie wir Ihre pers\u00f6nlichen Daten verarbeiten und sch\u00fctzen, um Ihre Privatsph\u00e4re zu gew\u00e4hrleisten.","breadcrumb":{"@id":"https:\/\/www.hydreco.de\/impressum\/#breadcrumb"},"inLanguage":"en-GB","potentialAction":[{"@type":"ReadAction","target":["https:\/\/www.hydreco.de\/impressum\/"]}]},{"@type":"BreadcrumbList","@id":"https:\/\/www.hydreco.de\/impressum\/#breadcrumb","itemListElement":[{"@type":"ListItem","position":1,"name":"Home","item":"https:\/\/www.hydreco.de\/"},{"@type":"ListItem","position":2,"name":"Impressum"}]},{"@type":"WebSite","@id":"https:\/\/www.hydreco.de\/#website","url":"https:\/\/www.hydreco.de\/","name":"www.hydreco.de","description":"Hydraulik-L\u00f6sungen f\u00fcr alle Anwendungen","publisher":{"@id":"https:\/\/www.hydreco.de\/#organization"},"potentialAction":[{"@type":"SearchAction","target":{"@type":"EntryPoint","urlTemplate":"https:\/\/www.hydreco.de\/?s={search_term_string}"},"query-input":{"@type":"PropertyValueSpecification","valueRequired":true,"valueName":"search_term_string"}}],"inLanguage":"en-GB"},{"@type":"Organization","@id":"https:\/\/www.hydreco.de\/#organization","name":"www.hydreco.de","url":"https:\/\/www.hydreco.de\/","logo":{"@type":"ImageObject","inLanguage":"en-GB","@id":"https:\/\/www.hydreco.de\/#\/schema\/logo\/image\/","url":"https:\/\/www.hydreco.de\/wp-content\/uploads\/2025\/06\/Logo-Hydreco-Move-Modern.svg","contentUrl":"https:\/\/www.hydreco.de\/wp-content\/uploads\/2025\/06\/Logo-Hydreco-Move-Modern.svg","width":334.83,"height":45.79,"caption":"www.hydreco.de"},"image":{"@id":"https:\/\/www.hydreco.de\/#\/schema\/logo\/image\/"}}]}},"_links":{"self":[{"href":"https:\/\/www.hydreco.de\/en\/wp-json\/wp\/v2\/pages\/4477","targetHints":{"allow":["GET"]}}],"collection":[{"href":"https:\/\/www.hydreco.de\/en\/wp-json\/wp\/v2\/pages"}],"about":[{"href":"https:\/\/www.hydreco.de\/en\/wp-json\/wp\/v2\/types\/page"}],"author":[{"embeddable":true,"href":"https:\/\/www.hydreco.de\/en\/wp-json\/wp\/v2\/users\/1"}],"replies":[{"embeddable":true,"href":"https:\/\/www.hydreco.de\/en\/wp-json\/wp\/v2\/comments?post=4477"}],"version-history":[{"count":30,"href":"https:\/\/www.hydreco.de\/en\/wp-json\/wp\/v2\/pages\/4477\/revisions"}],"predecessor-version":[{"id":8172,"href":"https:\/\/www.hydreco.de\/en\/wp-json\/wp\/v2\/pages\/4477\/revisions\/8172"}],"wp:attachment":[{"href":"https:\/\/www.hydreco.de\/en\/wp-json\/wp\/v2\/media?parent=4477"}],"wp:term":[{"taxonomy":"folder","embeddable":true,"href":"https:\/\/www.hydreco.de\/en\/wp-json\/wp\/v2\/folder?post=4477"}],"curies":[{"name":"wp","href":"https:\/\/api.w.org\/{rel}","templated":true}]}}