{"id":610,"date":"2024-05-22T17:03:43","date_gmt":"2024-05-22T15:03:43","guid":{"rendered":"https:\/\/www.hydreco.de\/?page_id=610"},"modified":"2025-02-10T14:13:18","modified_gmt":"2025-02-10T13:13:18","slug":"systeme","status":"publish","type":"page","link":"https:\/\/www.hydreco.de\/en\/produkte\/systeme\/","title":{"rendered":"Hydraulische Systeme"},"content":{"rendered":"<div data-elementor-type=\"wp-page\" data-elementor-id=\"610\" class=\"elementor elementor-610\" data-elementor-post-type=\"page\">\n\t\t\t\t<div class=\"elementor-element elementor-element-3f84e4d0 e-flex e-con-boxed e-con e-parent\" data-id=\"3f84e4d0\" data-element_type=\"container\" data-e-type=\"container\" data-settings=\"{&quot;background_background&quot;:&quot;classic&quot;,&quot;jet_parallax_layout_list&quot;:[]}\">\n\t\t\t\t\t<div class=\"e-con-inner\">\n\t\t\t\t<div class=\"elementor-element elementor-element-9b96516 elementor-widget elementor-widget-template\" data-id=\"9b96516\" data-element_type=\"widget\" data-e-type=\"widget\" data-widget_type=\"template.default\">\n\t\t\t\t<div class=\"elementor-widget-container\">\n\t\t\t\t\t\t\t<div class=\"elementor-template\">\n\t\t\t\t\t<div data-elementor-type=\"page\" data-elementor-id=\"3258\" class=\"elementor elementor-3258\" data-elementor-post-type=\"elementor_library\">\n\t\t\t\t<div class=\"elementor-element elementor-element-3cf6690d e-flex e-con-boxed e-con e-parent\" data-id=\"3cf6690d\" data-element_type=\"container\" data-e-type=\"container\" data-settings=\"{&quot;background_background&quot;:&quot;classic&quot;,&quot;jet_parallax_layout_list&quot;:[]}\">\n\t\t\t\t\t<div class=\"e-con-inner\">\n\t\t\t\t<div class=\"elementor-element elementor-element-123bf64 elementor-widget elementor-widget-heading\" data-id=\"123bf64\" data-element_type=\"widget\" data-e-type=\"widget\" data-widget_type=\"heading.default\">\n\t\t\t\t<div class=\"elementor-widget-container\">\n\t\t\t\t\t<h1 class=\"elementor-heading-title elementor-size-default\">Systems<br><\/h1>\t\t\t\t<\/div>\n\t\t\t\t<\/div>\n\t\t\t\t<div class=\"elementor-element elementor-element-158cf83f elementor-hidden-mobile elementor-widget elementor-widget-text-editor\" data-id=\"158cf83f\" data-element_type=\"widget\" data-e-type=\"widget\" data-widget_type=\"text-editor.default\">\n\t\t\t\t<div class=\"elementor-widget-container\">\n\t\t\t\t\t\t\t\t\t<p>Our engineers and control specialists develop your complete solution.<\/p>\t\t\t\t\t\t\t\t<\/div>\n\t\t\t\t<\/div>\n\t\t\t\t\t<\/div>\n\t\t\t\t<\/div>\n\t\t\t\t<\/div>\n\t\t\t\t<\/div>\n\t\t\t\t\t\t<\/div>\n\t\t\t\t<\/div>\n\t\t\t\t\t<\/div>\n\t\t\t\t<\/div>\n\t\t<div class=\"elementor-element elementor-element-3017c1cc e-con-full e-flex e-con e-parent\" data-id=\"3017c1cc\" data-element_type=\"container\" data-e-type=\"container\" data-settings=\"{&quot;jet_parallax_layout_list&quot;:[]}\">\n\t\t\t\t<div class=\"elementor-element elementor-element-6d50050 elementor-widget elementor-widget-breadcrumbs\" data-id=\"6d50050\" data-element_type=\"widget\" data-e-type=\"widget\" data-widget_type=\"breadcrumbs.default\">\n\t\t\t\t<div class=\"elementor-widget-container\">\n\t\t\t\t\t<p id=\"breadcrumbs\"><span><span><a href=\"https:\/\/www.hydreco.de\/en\/\">Home<\/a><\/span><\/span><\/p>\t\t\t\t<\/div>\n\t\t\t\t<\/div>\n\t\t\t\t<\/div>\n\t\t<div class=\"elementor-element elementor-element-13d2b131 animated-fast e-flex e-con-boxed elementor-invisible e-con e-parent\" data-id=\"13d2b131\" data-element_type=\"container\" data-e-type=\"container\" data-settings=\"{&quot;background_background&quot;:&quot;classic&quot;,&quot;jet_parallax_layout_list&quot;:[],&quot;animation&quot;:&quot;slideInUp&quot;}\">\n\t\t\t\t\t<div class=\"e-con-inner\">\n\t\t\t\t<div class=\"elementor-element elementor-element-2db6c6cf elementor-widget elementor-widget-heading\" data-id=\"2db6c6cf\" data-element_type=\"widget\" data-e-type=\"widget\" data-widget_type=\"heading.default\">\n\t\t\t\t<div class=\"elementor-widget-container\">\n\t\t\t\t\t<h2 class=\"elementor-heading-title elementor-size-default\">Systems<\/h2>\t\t\t\t<\/div>\n\t\t\t\t<\/div>\n\t\t\t\t<div class=\"elementor-element elementor-element-7004c925 elementor-widget elementor-widget-text-editor\" data-id=\"7004c925\" data-element_type=\"widget\" data-e-type=\"widget\" data-widget_type=\"text-editor.default\">\n\t\t\t\t<div class=\"elementor-widget-container\">\n\t\t\t\t\t\t\t\t\t<p>Whether lifting, supporting, extending or moving, there may be processes behind it that require comprehensive complete hydraulic solutions. Our team of experienced application technicians and engineers will develop an overall concept according to your requirements. Of course, this includes the correct documentation and support for any necessary acceptance tests. Our installation team is fully equipped to ensure smooth installation and successful commissioning.<\/p>\t\t\t\t\t\t\t\t<\/div>\n\t\t\t\t<\/div>\n\t\t\t\t\t<\/div>\n\t\t\t\t<\/div>\n\t\t<div class=\"elementor-element elementor-element-7713c072 e-flex e-con-boxed e-con e-parent\" data-id=\"7713c072\" data-element_type=\"container\" data-e-type=\"container\" data-settings=\"{&quot;jet_parallax_layout_list&quot;:[]}\">\n\t\t\t\t\t<div class=\"e-con-inner\">\n\t\t\t\t<div class=\"elementor-element elementor-element-3e14c2e2 elementor-widget elementor-widget-text-editor\" data-id=\"3e14c2e2\" data-element_type=\"widget\" data-e-type=\"widget\" data-widget_type=\"text-editor.default\">\n\t\t\t\t<div class=\"elementor-widget-container\">\n\t\t\t\t\t\t\t\t\t<p>At Hydreco Hydraulics, we utilise all our experience and expertise to implement your requirements in a complete solution. We know that small details can make all the difference during commissioning. Our technicians will help you during the test phase and ensure a flawless handover.<\/p><p>Contact us, we are sure to have the solution you are looking for.<\/p>\t\t\t\t\t\t\t\t<\/div>\n\t\t\t\t<\/div>\n\t\t\t\t\t<\/div>\n\t\t\t\t<\/div>\n\t\t<div class=\"elementor-element elementor-element-38dc9c58 e-con-full e-flex e-con e-parent\" data-id=\"38dc9c58\" data-element_type=\"container\" data-e-type=\"container\" data-settings=\"{&quot;jet_parallax_layout_list&quot;:[],&quot;background_background&quot;:&quot;classic&quot;}\">\n\t\t\t\t<div class=\"elementor-element elementor-element-6ae0e4aa elementor-widget__width-inherit elementor-widget elementor-widget-template\" data-id=\"6ae0e4aa\" data-element_type=\"widget\" data-e-type=\"widget\" data-widget_type=\"template.default\">\n\t\t\t\t<div class=\"elementor-widget-container\">\n\t\t\t\t\t\t\t<div class=\"elementor-template\">\n\t\t\t\t\t<div data-elementor-type=\"container\" data-elementor-id=\"1502\" class=\"elementor elementor-1502\" data-elementor-post-type=\"elementor_library\">\n\t\t\t\t<div class=\"elementor-element elementor-element-1e7627c e-con-full e-flex elementor-invisible e-con e-parent\" data-id=\"1e7627c\" data-element_type=\"container\" data-e-type=\"container\" data-settings=\"{&quot;background_background&quot;:&quot;gradient&quot;,&quot;jet_parallax_layout_list&quot;:[],&quot;animation&quot;:&quot;slideInUp&quot;,&quot;animation_delay&quot;:0}\">\n\t\t<div class=\"elementor-element elementor-element-3e1080f0 e-con-full e-flex e-con e-child\" data-id=\"3e1080f0\" data-element_type=\"container\" data-e-type=\"container\" data-settings=\"{&quot;jet_parallax_layout_list&quot;:[]}\">\n\t\t\t\t<div class=\"elementor-element elementor-element-8aabd67 elementor-widget elementor-widget-image\" data-id=\"8aabd67\" data-element_type=\"widget\" data-e-type=\"widget\" data-widget_type=\"image.default\">\n\t\t\t\t<div class=\"elementor-widget-container\">\n\t\t\t\t\t\t\t\t\t\t\t\t\t\t\t<img fetchpriority=\"high\" decoding=\"async\" width=\"800\" height=\"446\" src=\"https:\/\/www.hydreco.de\/wp-content\/uploads\/2024\/05\/Till-Hydraulik-CTA-Service-Beratung.jpg\" class=\"attachment-large size-large wp-image-183\" alt=\"Till-Hydraulik-CTA-Service-Beratung\" srcset=\"https:\/\/www.hydreco.de\/wp-content\/uploads\/2024\/05\/Till-Hydraulik-CTA-Service-Beratung.jpg 1000w, https:\/\/www.hydreco.de\/wp-content\/uploads\/2024\/05\/Till-Hydraulik-CTA-Service-Beratung-300x167.jpg 300w, https:\/\/www.hydreco.de\/wp-content\/uploads\/2024\/05\/Till-Hydraulik-CTA-Service-Beratung-768x429.jpg 768w, https:\/\/www.hydreco.de\/wp-content\/uploads\/2024\/05\/Till-Hydraulik-CTA-Service-Beratung-18x10.jpg 18w\" sizes=\"(max-width: 800px) 100vw, 800px\" \/>\t\t\t\t\t\t\t\t\t\t\t\t\t\t\t<\/div>\n\t\t\t\t<\/div>\n\t\t\t\t<\/div>\n\t\t<div class=\"elementor-element elementor-element-1f5b471d e-con-full e-flex e-con e-child\" data-id=\"1f5b471d\" data-element_type=\"container\" data-e-type=\"container\" data-settings=\"{&quot;jet_parallax_layout_list&quot;:[]}\">\n\t\t\t\t<div class=\"elementor-element elementor-element-46b89309 elementor-widget elementor-widget-heading\" data-id=\"46b89309\" data-element_type=\"widget\" data-e-type=\"widget\" data-widget_type=\"heading.default\">\n\t\t\t\t<div class=\"elementor-widget-container\">\n\t\t\t\t\t<h2 class=\"elementor-heading-title elementor-size-default\">How can we help you?<\/h2>\t\t\t\t<\/div>\n\t\t\t\t<\/div>\n\t\t\t\t<div class=\"elementor-element elementor-element-7c206f47 elementor-widget elementor-widget-text-editor\" data-id=\"7c206f47\" data-element_type=\"widget\" data-e-type=\"widget\" data-widget_type=\"text-editor.default\">\n\t\t\t\t<div class=\"elementor-widget-container\">\n\t\t\t\t\t\t\t\t\t<p>Contact us now for customised hydraulic solutions that meet your requirements!<\/p>\t\t\t\t\t\t\t\t<\/div>\n\t\t\t\t<\/div>\n\t\t\t\t<div class=\"elementor-element elementor-element-6ee109ab elementor-widget elementor-widget-text-editor\" data-id=\"6ee109ab\" data-element_type=\"widget\" data-e-type=\"widget\" data-widget_type=\"text-editor.default\">\n\t\t\t\t<div class=\"elementor-widget-container\">\n\t\t\t\t\t\t\t\t\t<p><a href=\"tel:+49 5351 \/ 5586 0\">+49 5351 \/ 5586 0<\/a><br \/><a href=\"mailto:info@hydreco.de\">info@hydreco.de<\/a><\/p>\t\t\t\t\t\t\t\t<\/div>\n\t\t\t\t<\/div>\n\t\t\t\t<\/div>\n\t\t\t\t<\/div>\n\t\t\t\t<\/div>\n\t\t\t\t<\/div>\n\t\t\t\t\t\t<\/div>\n\t\t\t\t<\/div>\n\t\t\t\t<\/div>\n\t\t\t\t<\/div>","protected":false},"excerpt":{"rendered":"<p>Systeme Ob Heben, Abst\u00fctzen, Ausschieben oder Verfahren, dahinter k\u00f6nnen Prozesse stecken, die umfangreiche hydraulische Komplettl\u00f6sungen erfordern. Unser Team aus erfahrenen Anwendungstechnikern und Ingenieuren entwickelt ein Gesamtkonzept nach Ihren Anforderungen. Dazu geh\u00f6rt selbstverst\u00e4ndlich die richtige Dokumentation und die Begleitung von erforderlichen Abnahmen. Unser Montageteam ist umfangreich ausgestattet, um einen reibungslosen Aufbau und eine erfolgreiche Inbetriebnahme zu [&hellip;]<\/p>\n","protected":false},"author":1,"featured_media":0,"parent":13,"menu_order":24,"comment_status":"closed","ping_status":"closed","template":"elementor_header_footer","meta":{"footnotes":""},"folder":[],"class_list":["post-610","page","type-page","status-publish","hentry"],"yoast_head":"<!-- This site is optimized with the Yoast SEO plugin v27.5 - https:\/\/yoast.com\/product\/yoast-seo-wordpress\/ -->\n<title>Hydraulische Systeme - www.hydreco.de<\/title>\n<meta name=\"description\" content=\"Integrierte Hydrauliksysteme von Till Hydraulik: Ma\u00dfgeschneiderte Komplettl\u00f6sungen f\u00fcr industrielle und mobile Anwendungen. Wir bieten alles von der Planung bis zur Umsetzung.\" \/>\n<meta name=\"robots\" content=\"index, follow, max-snippet:-1, max-image-preview:large, max-video-preview:-1\" \/>\n<link rel=\"canonical\" href=\"https:\/\/www.hydreco.de\/en\/produkte\/systeme\/\" \/>\n<meta property=\"og:locale\" content=\"en_GB\" \/>\n<meta property=\"og:type\" content=\"article\" \/>\n<meta property=\"og:title\" content=\"Hydraulische Systeme - www.hydreco.de\" \/>\n<meta property=\"og:description\" content=\"Integrierte Hydrauliksysteme von Till Hydraulik: Ma\u00dfgeschneiderte Komplettl\u00f6sungen f\u00fcr industrielle und mobile Anwendungen. Wir bieten alles von der Planung bis zur Umsetzung.\" \/>\n<meta property=\"og:url\" content=\"https:\/\/www.hydreco.de\/en\/produkte\/systeme\/\" \/>\n<meta property=\"og:site_name\" content=\"www.hydreco.de\" \/>\n<meta property=\"article:modified_time\" content=\"2025-02-10T13:13:18+00:00\" \/>\n<meta name=\"twitter:card\" content=\"summary_large_image\" \/>\n<meta name=\"twitter:label1\" content=\"Estimated reading time\" \/>\n\t<meta name=\"twitter:data1\" content=\"2 minutes\" \/>\n<script type=\"application\/ld+json\" class=\"yoast-schema-graph\">{\"@context\":\"https:\\\/\\\/schema.org\",\"@graph\":[{\"@type\":\"WebPage\",\"@id\":\"https:\\\/\\\/www.hydreco.de\\\/produkte\\\/systeme\\\/\",\"url\":\"https:\\\/\\\/www.hydreco.de\\\/produkte\\\/systeme\\\/\",\"name\":\"Hydraulische Systeme - www.hydreco.de\",\"isPartOf\":{\"@id\":\"https:\\\/\\\/www.hydreco.de\\\/#website\"},\"datePublished\":\"2024-05-22T15:03:43+00:00\",\"dateModified\":\"2025-02-10T13:13:18+00:00\",\"description\":\"Integrierte Hydrauliksysteme von Till Hydraulik: Ma\u00dfgeschneiderte Komplettl\u00f6sungen f\u00fcr industrielle und mobile Anwendungen. Wir bieten alles von der Planung bis zur Umsetzung.\",\"breadcrumb\":{\"@id\":\"https:\\\/\\\/www.hydreco.de\\\/produkte\\\/systeme\\\/#breadcrumb\"},\"inLanguage\":\"en-GB\",\"potentialAction\":[{\"@type\":\"ReadAction\",\"target\":[\"https:\\\/\\\/www.hydreco.de\\\/produkte\\\/systeme\\\/\"]}]},{\"@type\":\"BreadcrumbList\",\"@id\":\"https:\\\/\\\/www.hydreco.de\\\/produkte\\\/systeme\\\/#breadcrumb\",\"itemListElement\":[{\"@type\":\"ListItem\",\"position\":1,\"name\":\"Home\",\"item\":\"https:\\\/\\\/www.hydreco.de\\\/\"},{\"@type\":\"ListItem\",\"position\":2,\"name\":\"Produkte\",\"item\":\"https:\\\/\\\/www.hydreco.de\\\/produkte\\\/\"},{\"@type\":\"ListItem\",\"position\":3,\"name\":\"Systeme\"}]},{\"@type\":\"WebSite\",\"@id\":\"https:\\\/\\\/www.hydreco.de\\\/#website\",\"url\":\"https:\\\/\\\/www.hydreco.de\\\/\",\"name\":\"www.hydreco.de\",\"description\":\"Hydraulik-L\u00f6sungen f\u00fcr alle Anwendungen\",\"publisher\":{\"@id\":\"https:\\\/\\\/www.hydreco.de\\\/#organization\"},\"potentialAction\":[{\"@type\":\"SearchAction\",\"target\":{\"@type\":\"EntryPoint\",\"urlTemplate\":\"https:\\\/\\\/www.hydreco.de\\\/?s={search_term_string}\"},\"query-input\":{\"@type\":\"PropertyValueSpecification\",\"valueRequired\":true,\"valueName\":\"search_term_string\"}}],\"inLanguage\":\"en-GB\"},{\"@type\":\"Organization\",\"@id\":\"https:\\\/\\\/www.hydreco.de\\\/#organization\",\"name\":\"www.hydreco.de\",\"url\":\"https:\\\/\\\/www.hydreco.de\\\/\",\"logo\":{\"@type\":\"ImageObject\",\"inLanguage\":\"en-GB\",\"@id\":\"https:\\\/\\\/www.hydreco.de\\\/#\\\/schema\\\/logo\\\/image\\\/\",\"url\":\"https:\\\/\\\/www.hydreco.de\\\/wp-content\\\/uploads\\\/2025\\\/06\\\/Logo-Hydreco-Move-Modern.svg\",\"contentUrl\":\"https:\\\/\\\/www.hydreco.de\\\/wp-content\\\/uploads\\\/2025\\\/06\\\/Logo-Hydreco-Move-Modern.svg\",\"width\":334.83,\"height\":45.79,\"caption\":\"www.hydreco.de\"},\"image\":{\"@id\":\"https:\\\/\\\/www.hydreco.de\\\/#\\\/schema\\\/logo\\\/image\\\/\"}}]}<\/script>\n<!-- \/ Yoast SEO plugin. -->","yoast_head_json":{"title":"Hydraulische Systeme - www.hydreco.de","description":"Integrierte Hydrauliksysteme von Till Hydraulik: Ma\u00dfgeschneiderte Komplettl\u00f6sungen f\u00fcr industrielle und mobile Anwendungen. Wir bieten alles von der Planung bis zur Umsetzung.","robots":{"index":"index","follow":"follow","max-snippet":"max-snippet:-1","max-image-preview":"max-image-preview:large","max-video-preview":"max-video-preview:-1"},"canonical":"https:\/\/www.hydreco.de\/en\/produkte\/systeme\/","og_locale":"en_GB","og_type":"article","og_title":"Hydraulische Systeme - www.hydreco.de","og_description":"Integrierte Hydrauliksysteme von Till Hydraulik: Ma\u00dfgeschneiderte Komplettl\u00f6sungen f\u00fcr industrielle und mobile Anwendungen. Wir bieten alles von der Planung bis zur Umsetzung.","og_url":"https:\/\/www.hydreco.de\/en\/produkte\/systeme\/","og_site_name":"www.hydreco.de","article_modified_time":"2025-02-10T13:13:18+00:00","twitter_card":"summary_large_image","twitter_misc":{"Estimated reading time":"2 minutes"},"schema":{"@context":"https:\/\/schema.org","@graph":[{"@type":"WebPage","@id":"https:\/\/www.hydreco.de\/produkte\/systeme\/","url":"https:\/\/www.hydreco.de\/produkte\/systeme\/","name":"Hydraulische Systeme - www.hydreco.de","isPartOf":{"@id":"https:\/\/www.hydreco.de\/#website"},"datePublished":"2024-05-22T15:03:43+00:00","dateModified":"2025-02-10T13:13:18+00:00","description":"Integrierte Hydrauliksysteme von Till Hydraulik: Ma\u00dfgeschneiderte Komplettl\u00f6sungen f\u00fcr industrielle und mobile Anwendungen. Wir bieten alles von der Planung bis zur Umsetzung.","breadcrumb":{"@id":"https:\/\/www.hydreco.de\/produkte\/systeme\/#breadcrumb"},"inLanguage":"en-GB","potentialAction":[{"@type":"ReadAction","target":["https:\/\/www.hydreco.de\/produkte\/systeme\/"]}]},{"@type":"BreadcrumbList","@id":"https:\/\/www.hydreco.de\/produkte\/systeme\/#breadcrumb","itemListElement":[{"@type":"ListItem","position":1,"name":"Home","item":"https:\/\/www.hydreco.de\/"},{"@type":"ListItem","position":2,"name":"Produkte","item":"https:\/\/www.hydreco.de\/produkte\/"},{"@type":"ListItem","position":3,"name":"Systeme"}]},{"@type":"WebSite","@id":"https:\/\/www.hydreco.de\/#website","url":"https:\/\/www.hydreco.de\/","name":"www.hydreco.de","description":"Hydraulik-L\u00f6sungen f\u00fcr alle Anwendungen","publisher":{"@id":"https:\/\/www.hydreco.de\/#organization"},"potentialAction":[{"@type":"SearchAction","target":{"@type":"EntryPoint","urlTemplate":"https:\/\/www.hydreco.de\/?s={search_term_string}"},"query-input":{"@type":"PropertyValueSpecification","valueRequired":true,"valueName":"search_term_string"}}],"inLanguage":"en-GB"},{"@type":"Organization","@id":"https:\/\/www.hydreco.de\/#organization","name":"www.hydreco.de","url":"https:\/\/www.hydreco.de\/","logo":{"@type":"ImageObject","inLanguage":"en-GB","@id":"https:\/\/www.hydreco.de\/#\/schema\/logo\/image\/","url":"https:\/\/www.hydreco.de\/wp-content\/uploads\/2025\/06\/Logo-Hydreco-Move-Modern.svg","contentUrl":"https:\/\/www.hydreco.de\/wp-content\/uploads\/2025\/06\/Logo-Hydreco-Move-Modern.svg","width":334.83,"height":45.79,"caption":"www.hydreco.de"},"image":{"@id":"https:\/\/www.hydreco.de\/#\/schema\/logo\/image\/"}}]}},"_links":{"self":[{"href":"https:\/\/www.hydreco.de\/en\/wp-json\/wp\/v2\/pages\/610","targetHints":{"allow":["GET"]}}],"collection":[{"href":"https:\/\/www.hydreco.de\/en\/wp-json\/wp\/v2\/pages"}],"about":[{"href":"https:\/\/www.hydreco.de\/en\/wp-json\/wp\/v2\/types\/page"}],"author":[{"embeddable":true,"href":"https:\/\/www.hydreco.de\/en\/wp-json\/wp\/v2\/users\/1"}],"replies":[{"embeddable":true,"href":"https:\/\/www.hydreco.de\/en\/wp-json\/wp\/v2\/comments?post=610"}],"version-history":[{"count":37,"href":"https:\/\/www.hydreco.de\/en\/wp-json\/wp\/v2\/pages\/610\/revisions"}],"predecessor-version":[{"id":6505,"href":"https:\/\/www.hydreco.de\/en\/wp-json\/wp\/v2\/pages\/610\/revisions\/6505"}],"up":[{"embeddable":true,"href":"https:\/\/www.hydreco.de\/en\/wp-json\/wp\/v2\/pages\/13"}],"wp:attachment":[{"href":"https:\/\/www.hydreco.de\/en\/wp-json\/wp\/v2\/media?parent=610"}],"wp:term":[{"taxonomy":"folder","embeddable":true,"href":"https:\/\/www.hydreco.de\/en\/wp-json\/wp\/v2\/folder?post=610"}],"curies":[{"name":"wp","href":"https:\/\/api.w.org\/{rel}","templated":true}]}}