{"id":620,"date":"2024-05-22T17:08:07","date_gmt":"2024-05-22T15:08:07","guid":{"rendered":"https:\/\/www.hydreco.de\/?page_id=620"},"modified":"2025-02-10T12:51:00","modified_gmt":"2025-02-10T11:51:00","slug":"nutzfahrzeuge","status":"publish","type":"page","link":"https:\/\/www.hydreco.de\/en\/anwendungen\/nutzfahrzeuge\/","title":{"rendered":"Hydraulics for commercial vehicles"},"content":{"rendered":"<div data-elementor-type=\"wp-page\" data-elementor-id=\"620\" class=\"elementor elementor-620\" data-elementor-post-type=\"page\">\n\t\t\t\t<div class=\"elementor-element elementor-element-1db47454 e-flex e-con-boxed e-con e-parent\" data-id=\"1db47454\" data-element_type=\"container\" data-e-type=\"container\" data-settings=\"{&quot;background_background&quot;:&quot;classic&quot;,&quot;jet_parallax_layout_list&quot;:[]}\">\n\t\t\t\t\t<div class=\"e-con-inner\">\n\t\t\t\t<div class=\"elementor-element elementor-element-7ab5e652 elementor-widget elementor-widget-template\" data-id=\"7ab5e652\" data-element_type=\"widget\" data-e-type=\"widget\" data-widget_type=\"template.default\">\n\t\t\t\t<div class=\"elementor-widget-container\">\n\t\t\t\t\t\t\t<div class=\"elementor-template\">\n\t\t\t\t\t<div data-elementor-type=\"page\" data-elementor-id=\"2163\" class=\"elementor elementor-2163\" data-elementor-post-type=\"elementor_library\">\n\t\t\t\t<div class=\"elementor-element elementor-element-59db3d8a e-flex e-con-boxed e-con e-parent\" data-id=\"59db3d8a\" data-element_type=\"container\" data-e-type=\"container\" data-settings=\"{&quot;background_background&quot;:&quot;classic&quot;,&quot;jet_parallax_layout_list&quot;:[]}\">\n\t\t\t\t\t<div class=\"e-con-inner\">\n\t\t\t\t<div class=\"elementor-element elementor-element-32edbaa0 elementor-widget elementor-widget-heading\" data-id=\"32edbaa0\" data-element_type=\"widget\" data-e-type=\"widget\" data-widget_type=\"heading.default\">\n\t\t\t\t<div class=\"elementor-widget-container\">\n\t\t\t\t\t<h1 class=\"elementor-heading-title elementor-size-default\">HYDRAULICS FOR<br>\nCommercial vehicles<\/h1>\t\t\t\t<\/div>\n\t\t\t\t<\/div>\n\t\t\t\t<div class=\"elementor-element elementor-element-527a9efd elementor-hidden-mobile elementor-widget elementor-widget-text-editor\" data-id=\"527a9efd\" data-element_type=\"widget\" data-e-type=\"widget\" data-widget_type=\"text-editor.default\">\n\t\t\t\t<div class=\"elementor-widget-container\">\n\t\t\t\t\t\t\t\t\t<div id=\"c654\" class=\"frame frame-size-default frame-default frame-type-header frame-layout-default frame-background-none frame-no-backgroundimage frame-space-before-none frame-space-after-none\"><div class=\"frame-group-container\"><div class=\"frame-group-inner\"><div class=\"frame-container frame-container-default\"><div class=\"frame-inner\">\u00a0<\/div><\/div><\/div><\/div><\/div><div id=\"c645\" class=\"frame frame-size-default frame-default frame-type-textpic frame-layout-default frame-background-none frame-no-backgroundimage frame-space-before-none frame-space-after-none\"><div class=\"frame-group-container\"><div class=\"frame-group-inner\"><div class=\"frame-container frame-container-default\"><div class=\"frame-inner\"><div class=\"textpic textpic-above\"><div class=\"textpic-item textpic-text\"><p>Hydreco Hydraulics GmbH products are manufactured with the highest precision.<\/p><\/div><\/div><\/div><\/div><\/div><\/div><\/div>\t\t\t\t\t\t\t\t<\/div>\n\t\t\t\t<\/div>\n\t\t\t\t\t<\/div>\n\t\t\t\t<\/div>\n\t\t\t\t<\/div>\n\t\t\t\t<\/div>\n\t\t\t\t\t\t<\/div>\n\t\t\t\t<\/div>\n\t\t\t\t\t<\/div>\n\t\t\t\t<\/div>\n\t\t<div class=\"elementor-element elementor-element-7237d233 e-con-full e-flex e-con e-parent\" data-id=\"7237d233\" data-element_type=\"container\" data-e-type=\"container\" data-settings=\"{&quot;jet_parallax_layout_list&quot;:[]}\">\n\t\t\t\t<div class=\"elementor-element elementor-element-4f2b47bc elementor-widget elementor-widget-breadcrumbs\" data-id=\"4f2b47bc\" data-element_type=\"widget\" data-e-type=\"widget\" data-widget_type=\"breadcrumbs.default\">\n\t\t\t\t<div class=\"elementor-widget-container\">\n\t\t\t\t\t<p id=\"breadcrumbs\"><span><span><a href=\"https:\/\/www.hydreco.de\/en\/\">Home<\/a><\/span><\/span><\/p>\t\t\t\t<\/div>\n\t\t\t\t<\/div>\n\t\t\t\t<\/div>\n\t\t<div class=\"elementor-element elementor-element-44374898 animated-fast e-flex e-con-boxed elementor-invisible e-con e-parent\" data-id=\"44374898\" data-element_type=\"container\" data-e-type=\"container\" data-settings=\"{&quot;background_background&quot;:&quot;classic&quot;,&quot;jet_parallax_layout_list&quot;:[],&quot;animation&quot;:&quot;slideInUp&quot;}\">\n\t\t\t\t\t<div class=\"e-con-inner\">\n\t\t\t\t<div class=\"elementor-element elementor-element-78169a0d elementor-widget elementor-widget-heading\" data-id=\"78169a0d\" data-element_type=\"widget\" data-e-type=\"widget\" data-widget_type=\"heading.default\">\n\t\t\t\t<div class=\"elementor-widget-container\">\n\t\t\t\t\t<h2 class=\"elementor-heading-title elementor-size-default\">Commercial vehicles<\/h2>\t\t\t\t<\/div>\n\t\t\t\t<\/div>\n\t\t\t\t<div class=\"elementor-element elementor-element-15aec3b4 elementor-widget elementor-widget-text-editor\" data-id=\"15aec3b4\" data-element_type=\"widget\" data-e-type=\"widget\" data-widget_type=\"text-editor.default\">\n\t\t\t\t<div class=\"elementor-widget-container\">\n\t\t\t\t\t\t\t\t\t<p>We specialise in hand pumps for the hydraulic lifting roofs of trailers, which we supply in large quantities, on time and in high quality. Our design is easy to operate and fulfils the highest requirements.<br \/>Together we can realise special solutions for your transport tasks, whether cars or heavy loads.<\/p>\t\t\t\t\t\t\t\t<\/div>\n\t\t\t\t<\/div>\n\t\t\t\t\t<\/div>\n\t\t\t\t<\/div>\n\t\t<div class=\"elementor-element elementor-element-cdc6d90 e-flex e-con-boxed e-con e-parent\" data-id=\"cdc6d90\" data-element_type=\"container\" data-e-type=\"container\" data-settings=\"{&quot;jet_parallax_layout_list&quot;:[]}\">\n\t\t\t\t\t<div class=\"e-con-inner\">\n\t\t\t\t<div class=\"elementor-element elementor-element-2fb4afc4 elementor-pagination-position-outside elementor--h-position-center elementor--v-position-middle elementor-arrows-position-inside elementor-widget elementor-widget-slides\" data-id=\"2fb4afc4\" data-element_type=\"widget\" data-e-type=\"widget\" data-settings=\"{&quot;navigation&quot;:&quot;both&quot;,&quot;autoplay&quot;:&quot;yes&quot;,&quot;pause_on_hover&quot;:&quot;yes&quot;,&quot;pause_on_interaction&quot;:&quot;yes&quot;,&quot;autoplay_speed&quot;:5000,&quot;infinite&quot;:&quot;yes&quot;,&quot;transition&quot;:&quot;slide&quot;,&quot;transition_speed&quot;:500}\" data-widget_type=\"slides.default\">\n\t\t\t\t<div class=\"elementor-widget-container\">\n\t\t\t\t\t\t\t\t\t<div class=\"elementor-swiper\">\n\t\t\t\t\t<div class=\"elementor-slides-wrapper elementor-main-swiper swiper\" role=\"region\" aria-roledescription=\"carousel\" aria-label=\"Slider\" dir=\"ltr\" data-animation=\"zoomIn\">\n\t\t\t\t<div class=\"swiper-wrapper elementor-slides\">\n\t\t\t\t\t\t\t\t\t\t<div class=\"elementor-repeater-item-fb4f4a2 swiper-slide\" role=\"group\" aria-roledescription=\"slide\"><div class=\"swiper-slide-bg\" role=\"img\" aria-label=\"Till-Hydraulik-f\u00fcr-Autotransporter\"><\/div><div class=\"swiper-slide-inner\" ><div class=\"swiper-slide-contents\"><div class=\"elementor-slide-heading\">Hydraulics for car transporters<\/div><\/div><\/div><\/div><div class=\"elementor-repeater-item-1964ba0 swiper-slide\" role=\"group\" aria-roledescription=\"slide\"><div class=\"swiper-slide-bg\" role=\"img\" aria-label=\"Till-Hydraulik-f\u00fcr-Trailer\"><\/div><div class=\"elementor-background-overlay\"><\/div><div class=\"swiper-slide-inner\" ><div class=\"swiper-slide-contents\"><div class=\"elementor-slide-heading\">Hydraulics for trailers<\/div><\/div><\/div><\/div><div class=\"elementor-repeater-item-5bc4560 swiper-slide\" role=\"group\" aria-roledescription=\"slide\"><div class=\"swiper-slide-bg\" role=\"img\" aria-label=\"TII-SCHEUERLE-Schwertransport-header\"><\/div><div class=\"swiper-slide-inner\" ><div class=\"swiper-slide-contents\"><div class=\"elementor-slide-heading\">Hydraulics for heavy goods vehicles<\/div><\/div><\/div><\/div>\t\t\t\t<\/div>\n\t\t\t\t\t\t\t\t\t\t\t\t\t\t\t<div class=\"elementor-swiper-button elementor-swiper-button-prev\" role=\"button\" tabindex=\"0\" aria-label=\"Previous slide\">\n\t\t\t\t\t\t\t<svg aria-hidden=\"true\" class=\"e-font-icon-svg e-eicon-chevron-left\" viewbox=\"0 0 1000 1000\" xmlns=\"http:\/\/www.w3.org\/2000\/svg\"><path d=\"M646 125C629 125 613 133 604 142L308 442C296 454 292 471 292 487 292 504 296 521 308 533L604 854C617 867 629 875 646 875 663 875 679 871 692 858 704 846 713 829 713 812 713 796 708 779 692 767L438 487 692 225C700 217 708 204 708 187 708 171 704 154 692 142 675 129 663 125 646 125Z\"><\/path><\/svg>\t\t\t\t\t\t<\/div>\n\t\t\t\t\t\t<div class=\"elementor-swiper-button elementor-swiper-button-next\" role=\"button\" tabindex=\"0\" aria-label=\"Next slide\">\n\t\t\t\t\t\t\t<svg aria-hidden=\"true\" class=\"e-font-icon-svg e-eicon-chevron-right\" viewbox=\"0 0 1000 1000\" xmlns=\"http:\/\/www.w3.org\/2000\/svg\"><path d=\"M696 533C708 521 713 504 713 487 713 471 708 454 696 446L400 146C388 133 375 125 354 125 338 125 325 129 313 142 300 154 292 171 292 187 292 204 296 221 308 233L563 492 304 771C292 783 288 800 288 817 288 833 296 850 308 863 321 871 338 875 354 875 371 875 388 867 400 854L696 533Z\"><\/path><\/svg>\t\t\t\t\t\t<\/div>\n\t\t\t\t\t\t\t\t\t\t\t\t\t\t\t\t<div class=\"swiper-pagination\"><\/div>\n\t\t\t\t\t\t\t\t\t\t\t\t<\/div>\n\t\t\t\t<\/div>\n\t\t\t\t\t\t\t\t<\/div>\n\t\t\t\t<\/div>\n\t\t\t\t\t<\/div>\n\t\t\t\t<\/div>\n\t\t<div class=\"elementor-element elementor-element-5d84acb2 e-flex e-con-boxed e-con e-parent\" data-id=\"5d84acb2\" data-element_type=\"container\" data-e-type=\"container\" data-settings=\"{&quot;jet_parallax_layout_list&quot;:[]}\">\n\t\t\t\t\t<div class=\"e-con-inner\">\n\t\t\t\t<div class=\"elementor-element elementor-element-1e42e010 elementor-widget elementor-widget-text-editor\" data-id=\"1e42e010\" data-element_type=\"widget\" data-e-type=\"widget\" data-widget_type=\"text-editor.default\">\n\t\t\t\t<div class=\"elementor-widget-container\">\n\t\t\t\t\t\t\t\t\t<h6>Hydraulics for trailers<\/h6><p>We know our way around hydraulic solutions for everything that moves. We can realise your solutions in both small and large quantities.<\/p><p>We are familiar with the requirements of vehicle technology and observe your requirements in terms of quality, labelling, packaging and delivery.<\/p>\t\t\t\t\t\t\t\t<\/div>\n\t\t\t\t<\/div>\n\t\t\t\t\t<\/div>\n\t\t\t\t<\/div>\n\t\t<div class=\"elementor-element elementor-element-7be6832e e-con-full e-flex e-con e-parent\" data-id=\"7be6832e\" data-element_type=\"container\" data-e-type=\"container\" data-settings=\"{&quot;jet_parallax_layout_list&quot;:[],&quot;background_background&quot;:&quot;classic&quot;}\">\n\t\t\t\t<div class=\"elementor-element elementor-element-4828c324 elementor-widget__width-inherit elementor-widget elementor-widget-template\" data-id=\"4828c324\" data-element_type=\"widget\" data-e-type=\"widget\" data-widget_type=\"template.default\">\n\t\t\t\t<div class=\"elementor-widget-container\">\n\t\t\t\t\t\t\t<div class=\"elementor-template\">\n\t\t\t\t\t<div data-elementor-type=\"container\" data-elementor-id=\"1502\" class=\"elementor elementor-1502\" data-elementor-post-type=\"elementor_library\">\n\t\t\t\t<div class=\"elementor-element elementor-element-1e7627c e-con-full e-flex elementor-invisible e-con e-parent\" data-id=\"1e7627c\" data-element_type=\"container\" data-e-type=\"container\" data-settings=\"{&quot;background_background&quot;:&quot;gradient&quot;,&quot;jet_parallax_layout_list&quot;:[],&quot;animation&quot;:&quot;slideInUp&quot;,&quot;animation_delay&quot;:0}\">\n\t\t<div class=\"elementor-element elementor-element-3e1080f0 e-con-full e-flex e-con e-child\" data-id=\"3e1080f0\" data-element_type=\"container\" data-e-type=\"container\" data-settings=\"{&quot;jet_parallax_layout_list&quot;:[]}\">\n\t\t\t\t<div class=\"elementor-element elementor-element-8aabd67 elementor-widget elementor-widget-image\" data-id=\"8aabd67\" data-element_type=\"widget\" data-e-type=\"widget\" data-widget_type=\"image.default\">\n\t\t\t\t<div class=\"elementor-widget-container\">\n\t\t\t\t\t\t\t\t\t\t\t\t\t\t\t<img fetchpriority=\"high\" decoding=\"async\" width=\"800\" height=\"446\" src=\"https:\/\/www.hydreco.de\/wp-content\/uploads\/2024\/05\/Till-Hydraulik-CTA-Service-Beratung.jpg\" class=\"attachment-large size-large wp-image-183\" alt=\"Till-Hydraulik-CTA-Service-Beratung\" srcset=\"https:\/\/www.hydreco.de\/wp-content\/uploads\/2024\/05\/Till-Hydraulik-CTA-Service-Beratung.jpg 1000w, https:\/\/www.hydreco.de\/wp-content\/uploads\/2024\/05\/Till-Hydraulik-CTA-Service-Beratung-300x167.jpg 300w, https:\/\/www.hydreco.de\/wp-content\/uploads\/2024\/05\/Till-Hydraulik-CTA-Service-Beratung-768x429.jpg 768w, https:\/\/www.hydreco.de\/wp-content\/uploads\/2024\/05\/Till-Hydraulik-CTA-Service-Beratung-18x10.jpg 18w\" sizes=\"(max-width: 800px) 100vw, 800px\" \/>\t\t\t\t\t\t\t\t\t\t\t\t\t\t\t<\/div>\n\t\t\t\t<\/div>\n\t\t\t\t<\/div>\n\t\t<div class=\"elementor-element elementor-element-1f5b471d e-con-full e-flex e-con e-child\" data-id=\"1f5b471d\" data-element_type=\"container\" data-e-type=\"container\" data-settings=\"{&quot;jet_parallax_layout_list&quot;:[]}\">\n\t\t\t\t<div class=\"elementor-element elementor-element-46b89309 elementor-widget elementor-widget-heading\" data-id=\"46b89309\" data-element_type=\"widget\" data-e-type=\"widget\" data-widget_type=\"heading.default\">\n\t\t\t\t<div class=\"elementor-widget-container\">\n\t\t\t\t\t<h2 class=\"elementor-heading-title elementor-size-default\">How can we help you?<\/h2>\t\t\t\t<\/div>\n\t\t\t\t<\/div>\n\t\t\t\t<div class=\"elementor-element elementor-element-7c206f47 elementor-widget elementor-widget-text-editor\" data-id=\"7c206f47\" data-element_type=\"widget\" data-e-type=\"widget\" data-widget_type=\"text-editor.default\">\n\t\t\t\t<div class=\"elementor-widget-container\">\n\t\t\t\t\t\t\t\t\t<p>Contact us now for customised hydraulic solutions that meet your requirements!<\/p>\t\t\t\t\t\t\t\t<\/div>\n\t\t\t\t<\/div>\n\t\t\t\t<div class=\"elementor-element elementor-element-6ee109ab elementor-widget elementor-widget-text-editor\" data-id=\"6ee109ab\" data-element_type=\"widget\" data-e-type=\"widget\" data-widget_type=\"text-editor.default\">\n\t\t\t\t<div class=\"elementor-widget-container\">\n\t\t\t\t\t\t\t\t\t<p><a href=\"tel:+49 5351 \/ 5586 0\">+49 5351 \/ 5586 0<\/a><br \/><a href=\"mailto:info@hydreco.de\">info@hydreco.de<\/a><\/p>\t\t\t\t\t\t\t\t<\/div>\n\t\t\t\t<\/div>\n\t\t\t\t<\/div>\n\t\t\t\t<\/div>\n\t\t\t\t<\/div>\n\t\t\t\t<\/div>\n\t\t\t\t\t\t<\/div>\n\t\t\t\t<\/div>\n\t\t\t\t<\/div>\n\t\t\t\t<\/div>","protected":false},"excerpt":{"rendered":"<p>Nutzfahrzeuge Wir sind der Spezialist f\u00fcr Handpumpen f\u00fcr hydraulische Hubd\u00e4cher von Trailern, die wir in gro\u00dfen St\u00fcckzahlen termingerecht und in hoher Qualit\u00e4t liefern. Unsere Konstruktion ist einfach zu bedienen und erf\u00fcllt die h\u00f6chsten Anforderungen.Speziall\u00f6sungen f\u00fcr Ihre Transportaufgaben, ob Autos oder Schwerlast, k\u00f6nnen wir gemeinsam realisieren. Hydraulik f\u00fcr AutotransporterHydraulik f\u00fcr TrailerHydraulik f\u00fcr Schwertransporter Hydraulik f\u00fcr Trailer [&hellip;]<\/p>\n","protected":false},"author":1,"featured_media":0,"parent":11,"menu_order":13,"comment_status":"closed","ping_status":"closed","template":"elementor_header_footer","meta":{"footnotes":""},"folder":[],"class_list":["post-620","page","type-page","status-publish","hentry"],"yoast_head":"<!-- This site is optimized with the Yoast SEO plugin v27.4 - https:\/\/yoast.com\/product\/yoast-seo-wordpress\/ -->\n<title>Hydraulik f\u00fcr Nutzfahrzeuge - www.hydreco.de<\/title>\n<meta name=\"description\" content=\"Hydraulik f\u00fcr Nutzfahrzeuge: Till Hydraulik bietet ma\u00dfgeschneiderte L\u00f6sungen f\u00fcr h\u00f6chste Effizienz und Leistung. Optimieren Sie Ihre Fahrzeugflotte mit modernster Hydrauliktechnologie.\" \/>\n<meta name=\"robots\" content=\"index, follow, max-snippet:-1, max-image-preview:large, max-video-preview:-1\" \/>\n<link rel=\"canonical\" href=\"https:\/\/www.hydreco.de\/en\/anwendungen\/nutzfahrzeuge\/\" \/>\n<meta property=\"og:locale\" content=\"en_GB\" \/>\n<meta property=\"og:type\" content=\"article\" \/>\n<meta property=\"og:title\" content=\"Hydraulik f\u00fcr Nutzfahrzeuge - www.hydreco.de\" \/>\n<meta property=\"og:description\" content=\"Hydraulik f\u00fcr Nutzfahrzeuge: Till Hydraulik bietet ma\u00dfgeschneiderte L\u00f6sungen f\u00fcr h\u00f6chste Effizienz und Leistung. Optimieren Sie Ihre Fahrzeugflotte mit modernster Hydrauliktechnologie.\" \/>\n<meta property=\"og:url\" content=\"https:\/\/www.hydreco.de\/en\/anwendungen\/nutzfahrzeuge\/\" \/>\n<meta property=\"og:site_name\" content=\"www.hydreco.de\" \/>\n<meta property=\"article:modified_time\" content=\"2025-02-10T11:51:00+00:00\" \/>\n<meta name=\"twitter:card\" content=\"summary_large_image\" \/>\n<meta name=\"twitter:label1\" content=\"Estimated reading time\" \/>\n\t<meta name=\"twitter:data1\" content=\"2 minutes\" \/>\n<script type=\"application\/ld+json\" class=\"yoast-schema-graph\">{\"@context\":\"https:\\\/\\\/schema.org\",\"@graph\":[{\"@type\":\"WebPage\",\"@id\":\"https:\\\/\\\/www.hydreco.de\\\/anwendungen\\\/nutzfahrzeuge\\\/\",\"url\":\"https:\\\/\\\/www.hydreco.de\\\/anwendungen\\\/nutzfahrzeuge\\\/\",\"name\":\"Hydraulik f\u00fcr Nutzfahrzeuge - www.hydreco.de\",\"isPartOf\":{\"@id\":\"https:\\\/\\\/www.hydreco.de\\\/#website\"},\"datePublished\":\"2024-05-22T15:08:07+00:00\",\"dateModified\":\"2025-02-10T11:51:00+00:00\",\"description\":\"Hydraulik f\u00fcr Nutzfahrzeuge: Till Hydraulik bietet ma\u00dfgeschneiderte L\u00f6sungen f\u00fcr h\u00f6chste Effizienz und Leistung. Optimieren Sie Ihre Fahrzeugflotte mit modernster Hydrauliktechnologie.\",\"breadcrumb\":{\"@id\":\"https:\\\/\\\/www.hydreco.de\\\/anwendungen\\\/nutzfahrzeuge\\\/#breadcrumb\"},\"inLanguage\":\"en-GB\",\"potentialAction\":[{\"@type\":\"ReadAction\",\"target\":[\"https:\\\/\\\/www.hydreco.de\\\/anwendungen\\\/nutzfahrzeuge\\\/\"]}]},{\"@type\":\"BreadcrumbList\",\"@id\":\"https:\\\/\\\/www.hydreco.de\\\/anwendungen\\\/nutzfahrzeuge\\\/#breadcrumb\",\"itemListElement\":[{\"@type\":\"ListItem\",\"position\":1,\"name\":\"Home\",\"item\":\"https:\\\/\\\/www.hydreco.de\\\/\"},{\"@type\":\"ListItem\",\"position\":2,\"name\":\"Anwendungen\",\"item\":\"https:\\\/\\\/www.hydreco.de\\\/anwendungen\\\/\"},{\"@type\":\"ListItem\",\"position\":3,\"name\":\"Nutzfahrzeuge\"}]},{\"@type\":\"WebSite\",\"@id\":\"https:\\\/\\\/www.hydreco.de\\\/#website\",\"url\":\"https:\\\/\\\/www.hydreco.de\\\/\",\"name\":\"www.hydreco.de\",\"description\":\"Hydraulik-L\u00f6sungen f\u00fcr alle Anwendungen\",\"publisher\":{\"@id\":\"https:\\\/\\\/www.hydreco.de\\\/#organization\"},\"potentialAction\":[{\"@type\":\"SearchAction\",\"target\":{\"@type\":\"EntryPoint\",\"urlTemplate\":\"https:\\\/\\\/www.hydreco.de\\\/?s={search_term_string}\"},\"query-input\":{\"@type\":\"PropertyValueSpecification\",\"valueRequired\":true,\"valueName\":\"search_term_string\"}}],\"inLanguage\":\"en-GB\"},{\"@type\":\"Organization\",\"@id\":\"https:\\\/\\\/www.hydreco.de\\\/#organization\",\"name\":\"www.hydreco.de\",\"url\":\"https:\\\/\\\/www.hydreco.de\\\/\",\"logo\":{\"@type\":\"ImageObject\",\"inLanguage\":\"en-GB\",\"@id\":\"https:\\\/\\\/www.hydreco.de\\\/#\\\/schema\\\/logo\\\/image\\\/\",\"url\":\"https:\\\/\\\/www.hydreco.de\\\/wp-content\\\/uploads\\\/2025\\\/06\\\/Logo-Hydreco-Move-Modern.svg\",\"contentUrl\":\"https:\\\/\\\/www.hydreco.de\\\/wp-content\\\/uploads\\\/2025\\\/06\\\/Logo-Hydreco-Move-Modern.svg\",\"width\":334.83,\"height\":45.79,\"caption\":\"www.hydreco.de\"},\"image\":{\"@id\":\"https:\\\/\\\/www.hydreco.de\\\/#\\\/schema\\\/logo\\\/image\\\/\"}}]}<\/script>\n<!-- \/ Yoast SEO plugin. -->","yoast_head_json":{"title":"Hydraulik f\u00fcr Nutzfahrzeuge - www.hydreco.de","description":"Hydraulik f\u00fcr Nutzfahrzeuge: Till Hydraulik bietet ma\u00dfgeschneiderte L\u00f6sungen f\u00fcr h\u00f6chste Effizienz und Leistung. Optimieren Sie Ihre Fahrzeugflotte mit modernster Hydrauliktechnologie.","robots":{"index":"index","follow":"follow","max-snippet":"max-snippet:-1","max-image-preview":"max-image-preview:large","max-video-preview":"max-video-preview:-1"},"canonical":"https:\/\/www.hydreco.de\/en\/anwendungen\/nutzfahrzeuge\/","og_locale":"en_GB","og_type":"article","og_title":"Hydraulik f\u00fcr Nutzfahrzeuge - www.hydreco.de","og_description":"Hydraulik f\u00fcr Nutzfahrzeuge: Till Hydraulik bietet ma\u00dfgeschneiderte L\u00f6sungen f\u00fcr h\u00f6chste Effizienz und Leistung. Optimieren Sie Ihre Fahrzeugflotte mit modernster Hydrauliktechnologie.","og_url":"https:\/\/www.hydreco.de\/en\/anwendungen\/nutzfahrzeuge\/","og_site_name":"www.hydreco.de","article_modified_time":"2025-02-10T11:51:00+00:00","twitter_card":"summary_large_image","twitter_misc":{"Estimated reading time":"2 minutes"},"schema":{"@context":"https:\/\/schema.org","@graph":[{"@type":"WebPage","@id":"https:\/\/www.hydreco.de\/anwendungen\/nutzfahrzeuge\/","url":"https:\/\/www.hydreco.de\/anwendungen\/nutzfahrzeuge\/","name":"Hydraulik f\u00fcr Nutzfahrzeuge - www.hydreco.de","isPartOf":{"@id":"https:\/\/www.hydreco.de\/#website"},"datePublished":"2024-05-22T15:08:07+00:00","dateModified":"2025-02-10T11:51:00+00:00","description":"Hydraulik f\u00fcr Nutzfahrzeuge: Till Hydraulik bietet ma\u00dfgeschneiderte L\u00f6sungen f\u00fcr h\u00f6chste Effizienz und Leistung. Optimieren Sie Ihre Fahrzeugflotte mit modernster Hydrauliktechnologie.","breadcrumb":{"@id":"https:\/\/www.hydreco.de\/anwendungen\/nutzfahrzeuge\/#breadcrumb"},"inLanguage":"en-GB","potentialAction":[{"@type":"ReadAction","target":["https:\/\/www.hydreco.de\/anwendungen\/nutzfahrzeuge\/"]}]},{"@type":"BreadcrumbList","@id":"https:\/\/www.hydreco.de\/anwendungen\/nutzfahrzeuge\/#breadcrumb","itemListElement":[{"@type":"ListItem","position":1,"name":"Home","item":"https:\/\/www.hydreco.de\/"},{"@type":"ListItem","position":2,"name":"Anwendungen","item":"https:\/\/www.hydreco.de\/anwendungen\/"},{"@type":"ListItem","position":3,"name":"Nutzfahrzeuge"}]},{"@type":"WebSite","@id":"https:\/\/www.hydreco.de\/#website","url":"https:\/\/www.hydreco.de\/","name":"www.hydreco.de","description":"Hydraulik-L\u00f6sungen f\u00fcr alle Anwendungen","publisher":{"@id":"https:\/\/www.hydreco.de\/#organization"},"potentialAction":[{"@type":"SearchAction","target":{"@type":"EntryPoint","urlTemplate":"https:\/\/www.hydreco.de\/?s={search_term_string}"},"query-input":{"@type":"PropertyValueSpecification","valueRequired":true,"valueName":"search_term_string"}}],"inLanguage":"en-GB"},{"@type":"Organization","@id":"https:\/\/www.hydreco.de\/#organization","name":"www.hydreco.de","url":"https:\/\/www.hydreco.de\/","logo":{"@type":"ImageObject","inLanguage":"en-GB","@id":"https:\/\/www.hydreco.de\/#\/schema\/logo\/image\/","url":"https:\/\/www.hydreco.de\/wp-content\/uploads\/2025\/06\/Logo-Hydreco-Move-Modern.svg","contentUrl":"https:\/\/www.hydreco.de\/wp-content\/uploads\/2025\/06\/Logo-Hydreco-Move-Modern.svg","width":334.83,"height":45.79,"caption":"www.hydreco.de"},"image":{"@id":"https:\/\/www.hydreco.de\/#\/schema\/logo\/image\/"}}]}},"_links":{"self":[{"href":"https:\/\/www.hydreco.de\/en\/wp-json\/wp\/v2\/pages\/620","targetHints":{"allow":["GET"]}}],"collection":[{"href":"https:\/\/www.hydreco.de\/en\/wp-json\/wp\/v2\/pages"}],"about":[{"href":"https:\/\/www.hydreco.de\/en\/wp-json\/wp\/v2\/types\/page"}],"author":[{"embeddable":true,"href":"https:\/\/www.hydreco.de\/en\/wp-json\/wp\/v2\/users\/1"}],"replies":[{"embeddable":true,"href":"https:\/\/www.hydreco.de\/en\/wp-json\/wp\/v2\/comments?post=620"}],"version-history":[{"count":86,"href":"https:\/\/www.hydreco.de\/en\/wp-json\/wp\/v2\/pages\/620\/revisions"}],"predecessor-version":[{"id":6462,"href":"https:\/\/www.hydreco.de\/en\/wp-json\/wp\/v2\/pages\/620\/revisions\/6462"}],"up":[{"embeddable":true,"href":"https:\/\/www.hydreco.de\/en\/wp-json\/wp\/v2\/pages\/11"}],"wp:attachment":[{"href":"https:\/\/www.hydreco.de\/en\/wp-json\/wp\/v2\/media?parent=620"}],"wp:term":[{"taxonomy":"folder","embeddable":true,"href":"https:\/\/www.hydreco.de\/en\/wp-json\/wp\/v2\/folder?post=620"}],"curies":[{"name":"wp","href":"https:\/\/api.w.org\/{rel}","templated":true}]}}