{"id":621,"date":"2024-05-22T17:08:21","date_gmt":"2024-05-22T15:08:21","guid":{"rendered":"https:\/\/www.hydreco.de\/?page_id=621"},"modified":"2025-02-10T12:50:34","modified_gmt":"2025-02-10T11:50:34","slug":"flurfoerderzeuge","status":"publish","type":"page","link":"https:\/\/www.hydreco.de\/en\/anwendungen\/flurfoerderzeuge\/","title":{"rendered":"Hydraulics for industrial trucks"},"content":{"rendered":"<div data-elementor-type=\"wp-page\" data-elementor-id=\"621\" class=\"elementor elementor-621\" data-elementor-post-type=\"page\">\n\t\t\t\t<div class=\"elementor-element elementor-element-5616477 e-flex e-con-boxed e-con e-parent\" data-id=\"5616477\" data-element_type=\"container\" data-e-type=\"container\" data-settings=\"{&quot;background_background&quot;:&quot;classic&quot;,&quot;jet_parallax_layout_list&quot;:[]}\">\n\t\t\t\t\t<div class=\"e-con-inner\">\n\t\t\t\t<div class=\"elementor-element elementor-element-d1d788f elementor-widget elementor-widget-template\" data-id=\"d1d788f\" data-element_type=\"widget\" data-e-type=\"widget\" data-widget_type=\"template.default\">\n\t\t\t\t<div class=\"elementor-widget-container\">\n\t\t\t\t\t\t\t<div class=\"elementor-template\">\n\t\t\t\t\t<div data-elementor-type=\"page\" data-elementor-id=\"2168\" class=\"elementor elementor-2168\" data-elementor-post-type=\"elementor_library\">\n\t\t\t\t<div class=\"elementor-element elementor-element-1e44958b e-flex e-con-boxed e-con e-parent\" data-id=\"1e44958b\" data-element_type=\"container\" data-e-type=\"container\" data-settings=\"{&quot;background_background&quot;:&quot;classic&quot;,&quot;jet_parallax_layout_list&quot;:[]}\">\n\t\t\t\t\t<div class=\"e-con-inner\">\n\t\t\t\t<div class=\"elementor-element elementor-element-42dd41c0 elementor-widget elementor-widget-heading\" data-id=\"42dd41c0\" data-element_type=\"widget\" data-e-type=\"widget\" data-widget_type=\"heading.default\">\n\t\t\t\t<div class=\"elementor-widget-container\">\n\t\t\t\t\t<h1 class=\"elementor-heading-title elementor-size-default\">HYDRAULICS FOR<br>\nFLOOR CONVEYORS<br>TRAIN<\/h1>\t\t\t\t<\/div>\n\t\t\t\t<\/div>\n\t\t\t\t<div class=\"elementor-element elementor-element-75689051 elementor-hidden-mobile elementor-widget elementor-widget-text-editor\" data-id=\"75689051\" data-element_type=\"widget\" data-e-type=\"widget\" data-widget_type=\"text-editor.default\">\n\t\t\t\t<div class=\"elementor-widget-container\">\n\t\t\t\t\t\t\t\t\t<p>Optimum solutions thanks to the combination of hydraulic control and power transmission by appropriate cylinders.<\/p>\t\t\t\t\t\t\t\t<\/div>\n\t\t\t\t<\/div>\n\t\t\t\t\t<\/div>\n\t\t\t\t<\/div>\n\t\t\t\t<\/div>\n\t\t\t\t<\/div>\n\t\t\t\t\t\t<\/div>\n\t\t\t\t<\/div>\n\t\t\t\t\t<\/div>\n\t\t\t\t<\/div>\n\t\t<div class=\"elementor-element elementor-element-7ce37448 e-con-full e-flex e-con e-parent\" data-id=\"7ce37448\" data-element_type=\"container\" data-e-type=\"container\" data-settings=\"{&quot;jet_parallax_layout_list&quot;:[]}\">\n\t\t\t\t<div class=\"elementor-element elementor-element-5867ea81 elementor-widget elementor-widget-breadcrumbs\" data-id=\"5867ea81\" data-element_type=\"widget\" data-e-type=\"widget\" data-widget_type=\"breadcrumbs.default\">\n\t\t\t\t<div class=\"elementor-widget-container\">\n\t\t\t\t\t<p id=\"breadcrumbs\"><span><span><a href=\"https:\/\/www.hydreco.de\/en\/\">Home<\/a><\/span><\/span><\/p>\t\t\t\t<\/div>\n\t\t\t\t<\/div>\n\t\t\t\t<\/div>\n\t\t<div class=\"elementor-element elementor-element-340fd2f animated-fast e-flex e-con-boxed elementor-invisible e-con e-parent\" data-id=\"340fd2f\" data-element_type=\"container\" data-e-type=\"container\" data-settings=\"{&quot;background_background&quot;:&quot;classic&quot;,&quot;jet_parallax_layout_list&quot;:[],&quot;animation&quot;:&quot;slideInUp&quot;}\">\n\t\t\t\t\t<div class=\"e-con-inner\">\n\t\t\t\t<div class=\"elementor-element elementor-element-2cce1eb1 elementor-widget elementor-widget-heading\" data-id=\"2cce1eb1\" data-element_type=\"widget\" data-e-type=\"widget\" data-widget_type=\"heading.default\">\n\t\t\t\t<div class=\"elementor-widget-container\">\n\t\t\t\t\t<h2 class=\"elementor-heading-title elementor-size-default\">Industrial trucks<\/h2>\t\t\t\t<\/div>\n\t\t\t\t<\/div>\n\t\t\t\t<div class=\"elementor-element elementor-element-3150959d elementor-widget elementor-widget-text-editor\" data-id=\"3150959d\" data-element_type=\"widget\" data-e-type=\"widget\" data-widget_type=\"text-editor.default\">\n\t\t\t\t<div class=\"elementor-widget-container\">\n\t\t\t\t\t\t\t\t\t<p>Both logistics and industrial trucks must be able to lift heavy loads.<\/p><p>They must also be particularly manoeuvrable, as they are mainly used in warehouses and for horizontal loading and unloading of goods.<\/p>\t\t\t\t\t\t\t\t<\/div>\n\t\t\t\t<\/div>\n\t\t\t\t\t<\/div>\n\t\t\t\t<\/div>\n\t\t<div class=\"elementor-element elementor-element-3d75694b e-flex e-con-boxed e-con e-parent\" data-id=\"3d75694b\" data-element_type=\"container\" data-e-type=\"container\" data-settings=\"{&quot;jet_parallax_layout_list&quot;:[]}\">\n\t\t\t\t\t<div class=\"e-con-inner\">\n\t\t\t\t<div class=\"elementor-element elementor-element-1d57962 elementor-widget elementor-widget-text-editor\" data-id=\"1d57962\" data-element_type=\"widget\" data-e-type=\"widget\" data-widget_type=\"text-editor.default\">\n\t\t\t\t<div class=\"elementor-widget-container\">\n\t\t\t\t\t\t\t\t\t<h6>Hydraulics for forklift trucks<\/h6><p>Therefore, great demands are placed on the precision of the control system. We achieve optimum results here, among other things, through a combination of hydraulic control and power transmission using appropriate cylinders.<br \/>Forklift trucks and lift trucks are industrial trucks and are used to handle and transport goods. The essential element is a lifting unit consisting of a lift mast and fork carriage.<\/p><p>Products from Hydreco Hydraulics GmbH exist on the market and are constantly being adapted to new conditions.<\/p>\t\t\t\t\t\t\t\t<\/div>\n\t\t\t\t<\/div>\n\t\t\t\t\t<\/div>\n\t\t\t\t<\/div>\n\t\t<div class=\"elementor-element elementor-element-4e423098 e-con-full e-flex e-con e-parent\" data-id=\"4e423098\" data-element_type=\"container\" data-e-type=\"container\" data-settings=\"{&quot;jet_parallax_layout_list&quot;:[],&quot;background_background&quot;:&quot;classic&quot;}\">\n\t\t\t\t<div class=\"elementor-element elementor-element-64c19075 elementor-widget__width-inherit elementor-widget elementor-widget-template\" data-id=\"64c19075\" data-element_type=\"widget\" data-e-type=\"widget\" data-widget_type=\"template.default\">\n\t\t\t\t<div class=\"elementor-widget-container\">\n\t\t\t\t\t\t\t<div class=\"elementor-template\">\n\t\t\t\t\t<div data-elementor-type=\"container\" data-elementor-id=\"1502\" class=\"elementor elementor-1502\" data-elementor-post-type=\"elementor_library\">\n\t\t\t\t<div class=\"elementor-element elementor-element-1e7627c e-con-full e-flex elementor-invisible e-con e-parent\" data-id=\"1e7627c\" data-element_type=\"container\" data-e-type=\"container\" data-settings=\"{&quot;background_background&quot;:&quot;gradient&quot;,&quot;jet_parallax_layout_list&quot;:[],&quot;animation&quot;:&quot;slideInUp&quot;,&quot;animation_delay&quot;:0}\">\n\t\t<div class=\"elementor-element elementor-element-3e1080f0 e-con-full e-flex e-con e-child\" data-id=\"3e1080f0\" data-element_type=\"container\" data-e-type=\"container\" data-settings=\"{&quot;jet_parallax_layout_list&quot;:[]}\">\n\t\t\t\t<div class=\"elementor-element elementor-element-8aabd67 elementor-widget elementor-widget-image\" data-id=\"8aabd67\" data-element_type=\"widget\" data-e-type=\"widget\" data-widget_type=\"image.default\">\n\t\t\t\t<div class=\"elementor-widget-container\">\n\t\t\t\t\t\t\t\t\t\t\t\t\t\t\t<img fetchpriority=\"high\" decoding=\"async\" width=\"800\" height=\"446\" src=\"https:\/\/www.hydreco.de\/wp-content\/uploads\/2024\/05\/Till-Hydraulik-CTA-Service-Beratung.jpg\" class=\"attachment-large size-large wp-image-183\" alt=\"Till-Hydraulik-CTA-Service-Beratung\" srcset=\"https:\/\/www.hydreco.de\/wp-content\/uploads\/2024\/05\/Till-Hydraulik-CTA-Service-Beratung.jpg 1000w, https:\/\/www.hydreco.de\/wp-content\/uploads\/2024\/05\/Till-Hydraulik-CTA-Service-Beratung-300x167.jpg 300w, https:\/\/www.hydreco.de\/wp-content\/uploads\/2024\/05\/Till-Hydraulik-CTA-Service-Beratung-768x429.jpg 768w, https:\/\/www.hydreco.de\/wp-content\/uploads\/2024\/05\/Till-Hydraulik-CTA-Service-Beratung-18x10.jpg 18w\" sizes=\"(max-width: 800px) 100vw, 800px\" \/>\t\t\t\t\t\t\t\t\t\t\t\t\t\t\t<\/div>\n\t\t\t\t<\/div>\n\t\t\t\t<\/div>\n\t\t<div class=\"elementor-element elementor-element-1f5b471d e-con-full e-flex e-con e-child\" data-id=\"1f5b471d\" data-element_type=\"container\" data-e-type=\"container\" data-settings=\"{&quot;jet_parallax_layout_list&quot;:[]}\">\n\t\t\t\t<div class=\"elementor-element elementor-element-46b89309 elementor-widget elementor-widget-heading\" data-id=\"46b89309\" data-element_type=\"widget\" data-e-type=\"widget\" data-widget_type=\"heading.default\">\n\t\t\t\t<div class=\"elementor-widget-container\">\n\t\t\t\t\t<h2 class=\"elementor-heading-title elementor-size-default\">How can we help you?<\/h2>\t\t\t\t<\/div>\n\t\t\t\t<\/div>\n\t\t\t\t<div class=\"elementor-element elementor-element-7c206f47 elementor-widget elementor-widget-text-editor\" data-id=\"7c206f47\" data-element_type=\"widget\" data-e-type=\"widget\" data-widget_type=\"text-editor.default\">\n\t\t\t\t<div class=\"elementor-widget-container\">\n\t\t\t\t\t\t\t\t\t<p>Contact us now for customised hydraulic solutions that meet your requirements!<\/p>\t\t\t\t\t\t\t\t<\/div>\n\t\t\t\t<\/div>\n\t\t\t\t<div class=\"elementor-element elementor-element-6ee109ab elementor-widget elementor-widget-text-editor\" data-id=\"6ee109ab\" data-element_type=\"widget\" data-e-type=\"widget\" data-widget_type=\"text-editor.default\">\n\t\t\t\t<div class=\"elementor-widget-container\">\n\t\t\t\t\t\t\t\t\t<p><a href=\"tel:+49 5351 \/ 5586 0\">+49 5351 \/ 5586 0<\/a><br \/><a href=\"mailto:info@hydreco.de\">info@hydreco.de<\/a><\/p>\t\t\t\t\t\t\t\t<\/div>\n\t\t\t\t<\/div>\n\t\t\t\t<\/div>\n\t\t\t\t<\/div>\n\t\t\t\t<\/div>\n\t\t\t\t<\/div>\n\t\t\t\t\t\t<\/div>\n\t\t\t\t<\/div>\n\t\t\t\t<\/div>\n\t\t\t\t<\/div>","protected":false},"excerpt":{"rendered":"<p>Flurf\u00f6rderzeuge Sowohl Logistik- als auch Flurf\u00f6rderzeuge m\u00fcssen vor allem eins: gro\u00dfe Lasten stemmen. Dar\u00fcber hinaus m\u00fcssen sie besonders wendig sein, da sie vorwiegend in Lagerhallen sowie zum horizontalen Be- und Entladen von G\u00fctern zum Einsatz kommen. Hydraulik f\u00fcr Gabelstapler Daher werden gro\u00dfe Anspr\u00fcche an die Pr\u00e4zision in der Steuerung gelegt. Optimale Ergebnisse erzielen wir hier [&hellip;]<\/p>\n","protected":false},"author":1,"featured_media":0,"parent":11,"menu_order":14,"comment_status":"closed","ping_status":"closed","template":"elementor_header_footer","meta":{"footnotes":""},"folder":[],"class_list":["post-621","page","type-page","status-publish","hentry"],"yoast_head":"<!-- This site is optimized with the Yoast SEO plugin v27.3 - https:\/\/yoast.com\/product\/yoast-seo-wordpress\/ -->\n<title>Hydraulik f\u00fcr Flurf\u00f6rderzeuge - www.hydreco.de<\/title>\n<meta name=\"description\" content=\"Effiziente Hydraulikl\u00f6sungen f\u00fcr Flurf\u00f6rderzeuge: Till Hydraulik sorgt f\u00fcr pr\u00e4zise Steuerung und Zuverl\u00e4ssigkeit in jedem Lagerbetrieb. Steigern Sie Ihre Produktivit\u00e4t mit fortschrittlicher Technik.\" \/>\n<meta name=\"robots\" content=\"index, follow, max-snippet:-1, max-image-preview:large, max-video-preview:-1\" \/>\n<link rel=\"canonical\" href=\"https:\/\/www.hydreco.de\/en\/anwendungen\/flurfoerderzeuge\/\" \/>\n<meta property=\"og:locale\" content=\"en_GB\" \/>\n<meta property=\"og:type\" content=\"article\" \/>\n<meta property=\"og:title\" content=\"Hydraulik f\u00fcr Flurf\u00f6rderzeuge - www.hydreco.de\" \/>\n<meta property=\"og:description\" content=\"Effiziente Hydraulikl\u00f6sungen f\u00fcr Flurf\u00f6rderzeuge: Till Hydraulik sorgt f\u00fcr pr\u00e4zise Steuerung und Zuverl\u00e4ssigkeit in jedem Lagerbetrieb. Steigern Sie Ihre Produktivit\u00e4t mit fortschrittlicher Technik.\" \/>\n<meta property=\"og:url\" content=\"https:\/\/www.hydreco.de\/en\/anwendungen\/flurfoerderzeuge\/\" \/>\n<meta property=\"og:site_name\" content=\"www.hydreco.de\" \/>\n<meta property=\"article:modified_time\" content=\"2025-02-10T11:50:34+00:00\" \/>\n<meta name=\"twitter:card\" content=\"summary_large_image\" \/>\n<meta name=\"twitter:label1\" content=\"Estimated reading time\" \/>\n\t<meta name=\"twitter:data1\" content=\"2 minutes\" \/>\n<script type=\"application\/ld+json\" class=\"yoast-schema-graph\">{\"@context\":\"https:\\\/\\\/schema.org\",\"@graph\":[{\"@type\":\"WebPage\",\"@id\":\"https:\\\/\\\/www.hydreco.de\\\/anwendungen\\\/flurfoerderzeuge\\\/\",\"url\":\"https:\\\/\\\/www.hydreco.de\\\/anwendungen\\\/flurfoerderzeuge\\\/\",\"name\":\"Hydraulik f\u00fcr Flurf\u00f6rderzeuge - www.hydreco.de\",\"isPartOf\":{\"@id\":\"https:\\\/\\\/www.hydreco.de\\\/#website\"},\"datePublished\":\"2024-05-22T15:08:21+00:00\",\"dateModified\":\"2025-02-10T11:50:34+00:00\",\"description\":\"Effiziente Hydraulikl\u00f6sungen f\u00fcr Flurf\u00f6rderzeuge: Till Hydraulik sorgt f\u00fcr pr\u00e4zise Steuerung und Zuverl\u00e4ssigkeit in jedem Lagerbetrieb. Steigern Sie Ihre Produktivit\u00e4t mit fortschrittlicher Technik.\",\"breadcrumb\":{\"@id\":\"https:\\\/\\\/www.hydreco.de\\\/anwendungen\\\/flurfoerderzeuge\\\/#breadcrumb\"},\"inLanguage\":\"en-GB\",\"potentialAction\":[{\"@type\":\"ReadAction\",\"target\":[\"https:\\\/\\\/www.hydreco.de\\\/anwendungen\\\/flurfoerderzeuge\\\/\"]}]},{\"@type\":\"BreadcrumbList\",\"@id\":\"https:\\\/\\\/www.hydreco.de\\\/anwendungen\\\/flurfoerderzeuge\\\/#breadcrumb\",\"itemListElement\":[{\"@type\":\"ListItem\",\"position\":1,\"name\":\"Home\",\"item\":\"https:\\\/\\\/www.hydreco.de\\\/\"},{\"@type\":\"ListItem\",\"position\":2,\"name\":\"Anwendungen\",\"item\":\"https:\\\/\\\/www.hydreco.de\\\/anwendungen\\\/\"},{\"@type\":\"ListItem\",\"position\":3,\"name\":\"Flurf\u00f6rderzeuge\"}]},{\"@type\":\"WebSite\",\"@id\":\"https:\\\/\\\/www.hydreco.de\\\/#website\",\"url\":\"https:\\\/\\\/www.hydreco.de\\\/\",\"name\":\"www.hydreco.de\",\"description\":\"Hydraulik-L\u00f6sungen f\u00fcr alle Anwendungen\",\"publisher\":{\"@id\":\"https:\\\/\\\/www.hydreco.de\\\/#organization\"},\"potentialAction\":[{\"@type\":\"SearchAction\",\"target\":{\"@type\":\"EntryPoint\",\"urlTemplate\":\"https:\\\/\\\/www.hydreco.de\\\/?s={search_term_string}\"},\"query-input\":{\"@type\":\"PropertyValueSpecification\",\"valueRequired\":true,\"valueName\":\"search_term_string\"}}],\"inLanguage\":\"en-GB\"},{\"@type\":\"Organization\",\"@id\":\"https:\\\/\\\/www.hydreco.de\\\/#organization\",\"name\":\"www.hydreco.de\",\"url\":\"https:\\\/\\\/www.hydreco.de\\\/\",\"logo\":{\"@type\":\"ImageObject\",\"inLanguage\":\"en-GB\",\"@id\":\"https:\\\/\\\/www.hydreco.de\\\/#\\\/schema\\\/logo\\\/image\\\/\",\"url\":\"https:\\\/\\\/www.hydreco.de\\\/wp-content\\\/uploads\\\/2025\\\/06\\\/Logo-Hydreco-Move-Modern.svg\",\"contentUrl\":\"https:\\\/\\\/www.hydreco.de\\\/wp-content\\\/uploads\\\/2025\\\/06\\\/Logo-Hydreco-Move-Modern.svg\",\"width\":334.83,\"height\":45.79,\"caption\":\"www.hydreco.de\"},\"image\":{\"@id\":\"https:\\\/\\\/www.hydreco.de\\\/#\\\/schema\\\/logo\\\/image\\\/\"}}]}<\/script>\n<!-- \/ Yoast SEO plugin. -->","yoast_head_json":{"title":"Hydraulik f\u00fcr Flurf\u00f6rderzeuge - www.hydreco.de","description":"Effiziente Hydraulikl\u00f6sungen f\u00fcr Flurf\u00f6rderzeuge: Till Hydraulik sorgt f\u00fcr pr\u00e4zise Steuerung und Zuverl\u00e4ssigkeit in jedem Lagerbetrieb. Steigern Sie Ihre Produktivit\u00e4t mit fortschrittlicher Technik.","robots":{"index":"index","follow":"follow","max-snippet":"max-snippet:-1","max-image-preview":"max-image-preview:large","max-video-preview":"max-video-preview:-1"},"canonical":"https:\/\/www.hydreco.de\/en\/anwendungen\/flurfoerderzeuge\/","og_locale":"en_GB","og_type":"article","og_title":"Hydraulik f\u00fcr Flurf\u00f6rderzeuge - www.hydreco.de","og_description":"Effiziente Hydraulikl\u00f6sungen f\u00fcr Flurf\u00f6rderzeuge: Till Hydraulik sorgt f\u00fcr pr\u00e4zise Steuerung und Zuverl\u00e4ssigkeit in jedem Lagerbetrieb. Steigern Sie Ihre Produktivit\u00e4t mit fortschrittlicher Technik.","og_url":"https:\/\/www.hydreco.de\/en\/anwendungen\/flurfoerderzeuge\/","og_site_name":"www.hydreco.de","article_modified_time":"2025-02-10T11:50:34+00:00","twitter_card":"summary_large_image","twitter_misc":{"Estimated reading time":"2 minutes"},"schema":{"@context":"https:\/\/schema.org","@graph":[{"@type":"WebPage","@id":"https:\/\/www.hydreco.de\/anwendungen\/flurfoerderzeuge\/","url":"https:\/\/www.hydreco.de\/anwendungen\/flurfoerderzeuge\/","name":"Hydraulik f\u00fcr Flurf\u00f6rderzeuge - www.hydreco.de","isPartOf":{"@id":"https:\/\/www.hydreco.de\/#website"},"datePublished":"2024-05-22T15:08:21+00:00","dateModified":"2025-02-10T11:50:34+00:00","description":"Effiziente Hydraulikl\u00f6sungen f\u00fcr Flurf\u00f6rderzeuge: Till Hydraulik sorgt f\u00fcr pr\u00e4zise Steuerung und Zuverl\u00e4ssigkeit in jedem Lagerbetrieb. Steigern Sie Ihre Produktivit\u00e4t mit fortschrittlicher Technik.","breadcrumb":{"@id":"https:\/\/www.hydreco.de\/anwendungen\/flurfoerderzeuge\/#breadcrumb"},"inLanguage":"en-GB","potentialAction":[{"@type":"ReadAction","target":["https:\/\/www.hydreco.de\/anwendungen\/flurfoerderzeuge\/"]}]},{"@type":"BreadcrumbList","@id":"https:\/\/www.hydreco.de\/anwendungen\/flurfoerderzeuge\/#breadcrumb","itemListElement":[{"@type":"ListItem","position":1,"name":"Home","item":"https:\/\/www.hydreco.de\/"},{"@type":"ListItem","position":2,"name":"Anwendungen","item":"https:\/\/www.hydreco.de\/anwendungen\/"},{"@type":"ListItem","position":3,"name":"Flurf\u00f6rderzeuge"}]},{"@type":"WebSite","@id":"https:\/\/www.hydreco.de\/#website","url":"https:\/\/www.hydreco.de\/","name":"www.hydreco.de","description":"Hydraulik-L\u00f6sungen f\u00fcr alle Anwendungen","publisher":{"@id":"https:\/\/www.hydreco.de\/#organization"},"potentialAction":[{"@type":"SearchAction","target":{"@type":"EntryPoint","urlTemplate":"https:\/\/www.hydreco.de\/?s={search_term_string}"},"query-input":{"@type":"PropertyValueSpecification","valueRequired":true,"valueName":"search_term_string"}}],"inLanguage":"en-GB"},{"@type":"Organization","@id":"https:\/\/www.hydreco.de\/#organization","name":"www.hydreco.de","url":"https:\/\/www.hydreco.de\/","logo":{"@type":"ImageObject","inLanguage":"en-GB","@id":"https:\/\/www.hydreco.de\/#\/schema\/logo\/image\/","url":"https:\/\/www.hydreco.de\/wp-content\/uploads\/2025\/06\/Logo-Hydreco-Move-Modern.svg","contentUrl":"https:\/\/www.hydreco.de\/wp-content\/uploads\/2025\/06\/Logo-Hydreco-Move-Modern.svg","width":334.83,"height":45.79,"caption":"www.hydreco.de"},"image":{"@id":"https:\/\/www.hydreco.de\/#\/schema\/logo\/image\/"}}]}},"_links":{"self":[{"href":"https:\/\/www.hydreco.de\/en\/wp-json\/wp\/v2\/pages\/621","targetHints":{"allow":["GET"]}}],"collection":[{"href":"https:\/\/www.hydreco.de\/en\/wp-json\/wp\/v2\/pages"}],"about":[{"href":"https:\/\/www.hydreco.de\/en\/wp-json\/wp\/v2\/types\/page"}],"author":[{"embeddable":true,"href":"https:\/\/www.hydreco.de\/en\/wp-json\/wp\/v2\/users\/1"}],"replies":[{"embeddable":true,"href":"https:\/\/www.hydreco.de\/en\/wp-json\/wp\/v2\/comments?post=621"}],"version-history":[{"count":59,"href":"https:\/\/www.hydreco.de\/en\/wp-json\/wp\/v2\/pages\/621\/revisions"}],"predecessor-version":[{"id":6459,"href":"https:\/\/www.hydreco.de\/en\/wp-json\/wp\/v2\/pages\/621\/revisions\/6459"}],"up":[{"embeddable":true,"href":"https:\/\/www.hydreco.de\/en\/wp-json\/wp\/v2\/pages\/11"}],"wp:attachment":[{"href":"https:\/\/www.hydreco.de\/en\/wp-json\/wp\/v2\/media?parent=621"}],"wp:term":[{"taxonomy":"folder","embeddable":true,"href":"https:\/\/www.hydreco.de\/en\/wp-json\/wp\/v2\/folder?post=621"}],"curies":[{"name":"wp","href":"https:\/\/api.w.org\/{rel}","templated":true}]}}