{"id":622,"date":"2024-05-22T17:08:35","date_gmt":"2024-05-22T15:08:35","guid":{"rendered":"https:\/\/www.hydreco.de\/?page_id=622"},"modified":"2025-02-10T14:04:55","modified_gmt":"2025-02-10T13:04:55","slug":"holzverarbeitung","status":"publish","type":"page","link":"https:\/\/www.hydreco.de\/en\/anwendungen\/holzverarbeitung\/","title":{"rendered":"Hydraulic solutions in wood processing"},"content":{"rendered":"<div data-elementor-type=\"wp-page\" data-elementor-id=\"622\" class=\"elementor elementor-622\" data-elementor-post-type=\"page\">\n\t\t\t\t<div class=\"elementor-element elementor-element-43f1ecd3 e-flex e-con-boxed e-con e-parent\" data-id=\"43f1ecd3\" data-element_type=\"container\" data-e-type=\"container\" data-settings=\"{&quot;background_background&quot;:&quot;classic&quot;,&quot;jet_parallax_layout_list&quot;:[]}\">\n\t\t\t\t\t<div class=\"e-con-inner\">\n\t\t\t\t<div class=\"elementor-element elementor-element-52d0753e elementor-widget elementor-widget-template\" data-id=\"52d0753e\" data-element_type=\"widget\" data-e-type=\"widget\" data-widget_type=\"template.default\">\n\t\t\t\t<div class=\"elementor-widget-container\">\n\t\t\t\t\t\t\t<div class=\"elementor-template\">\n\t\t\t\t\t<div data-elementor-type=\"page\" data-elementor-id=\"2170\" class=\"elementor elementor-2170\" data-elementor-post-type=\"elementor_library\">\n\t\t\t\t<div class=\"elementor-element elementor-element-4b8e2267 e-flex e-con-boxed e-con e-parent\" data-id=\"4b8e2267\" data-element_type=\"container\" data-e-type=\"container\" data-settings=\"{&quot;background_background&quot;:&quot;classic&quot;,&quot;jet_parallax_layout_list&quot;:[]}\">\n\t\t\t\t\t<div class=\"e-con-inner\">\n\t\t\t\t<div class=\"elementor-element elementor-element-2affbb08 elementor-widget elementor-widget-heading\" data-id=\"2affbb08\" data-element_type=\"widget\" data-e-type=\"widget\" data-widget_type=\"heading.default\">\n\t\t\t\t<div class=\"elementor-widget-container\">\n\t\t\t\t\t<h1 class=\"elementor-heading-title elementor-size-default\">HYDRAULICS FOR<br>\nWood processing<\/h1>\t\t\t\t<\/div>\n\t\t\t\t<\/div>\n\t\t\t\t<div class=\"elementor-element elementor-element-10830b82 elementor-hidden-mobile elementor-widget elementor-widget-text-editor\" data-id=\"10830b82\" data-element_type=\"widget\" data-e-type=\"widget\" data-widget_type=\"text-editor.default\">\n\t\t\t\t<div class=\"elementor-widget-container\">\n\t\t\t\t\t\t\t\t\t<p>Hydraulic cylinders from Hydreco Hydraulics production are based on special design solutions for your requirements.<\/p>\t\t\t\t\t\t\t\t<\/div>\n\t\t\t\t<\/div>\n\t\t\t\t\t<\/div>\n\t\t\t\t<\/div>\n\t\t\t\t<\/div>\n\t\t\t\t<\/div>\n\t\t\t\t\t\t<\/div>\n\t\t\t\t<\/div>\n\t\t\t\t\t<\/div>\n\t\t\t\t<\/div>\n\t\t<div class=\"elementor-element elementor-element-1788e8e6 e-con-full e-flex e-con e-parent\" data-id=\"1788e8e6\" data-element_type=\"container\" data-e-type=\"container\" data-settings=\"{&quot;jet_parallax_layout_list&quot;:[]}\">\n\t\t\t\t<div class=\"elementor-element elementor-element-18877af5 elementor-widget elementor-widget-breadcrumbs\" data-id=\"18877af5\" data-element_type=\"widget\" data-e-type=\"widget\" data-widget_type=\"breadcrumbs.default\">\n\t\t\t\t<div class=\"elementor-widget-container\">\n\t\t\t\t\t<p id=\"breadcrumbs\"><span><span><a href=\"https:\/\/www.hydreco.de\/en\/\">Home<\/a><\/span><\/span><\/p>\t\t\t\t<\/div>\n\t\t\t\t<\/div>\n\t\t\t\t<\/div>\n\t\t<div class=\"elementor-element elementor-element-1ead2d01 animated-fast e-flex e-con-boxed elementor-invisible e-con e-parent\" data-id=\"1ead2d01\" data-element_type=\"container\" data-e-type=\"container\" data-settings=\"{&quot;background_background&quot;:&quot;classic&quot;,&quot;jet_parallax_layout_list&quot;:[],&quot;animation&quot;:&quot;slideInUp&quot;}\">\n\t\t\t\t\t<div class=\"e-con-inner\">\n\t\t\t\t<div class=\"elementor-element elementor-element-7303bfbd elementor-widget elementor-widget-heading\" data-id=\"7303bfbd\" data-element_type=\"widget\" data-e-type=\"widget\" data-widget_type=\"heading.default\">\n\t\t\t\t<div class=\"elementor-widget-container\">\n\t\t\t\t\t<h2 class=\"elementor-heading-title elementor-size-default\">Wood processing<\/h2>\t\t\t\t<\/div>\n\t\t\t\t<\/div>\n\t\t\t\t<div class=\"elementor-element elementor-element-27cfddf8 elementor-widget elementor-widget-text-editor\" data-id=\"27cfddf8\" data-element_type=\"widget\" data-e-type=\"widget\" data-widget_type=\"text-editor.default\">\n\t\t\t\t<div class=\"elementor-widget-container\">\n\t\t\t\t\t\t\t\t\t<p>Our cylinders are used in many areas of wood processing.<\/p><p>In plant engineering, in the field of presses, you will find our products in systems for waste disposal, shredding and the production of chipboard.<br \/>Hydraulic cylinders from Hydreco Hydraulics production are based on special design solutions developed in co-operation with our customers. The design of the components used is determined exclusively by the area of application, boundary conditions and performance parameters.<\/p>\t\t\t\t\t\t\t\t<\/div>\n\t\t\t\t<\/div>\n\t\t\t\t\t<\/div>\n\t\t\t\t<\/div>\n\t\t<div class=\"elementor-element elementor-element-3b8fb529 e-flex e-con-boxed e-con e-parent\" data-id=\"3b8fb529\" data-element_type=\"container\" data-e-type=\"container\" data-settings=\"{&quot;jet_parallax_layout_list&quot;:[]}\">\n\t\t\t\t\t<div class=\"e-con-inner\">\n\t\t\t\t<div class=\"elementor-element elementor-element-28a82ae5 elementor-pagination-position-outside elementor--h-position-center elementor--v-position-middle elementor-arrows-position-inside elementor-widget elementor-widget-slides\" data-id=\"28a82ae5\" data-element_type=\"widget\" data-e-type=\"widget\" data-settings=\"{&quot;navigation&quot;:&quot;both&quot;,&quot;autoplay&quot;:&quot;yes&quot;,&quot;pause_on_hover&quot;:&quot;yes&quot;,&quot;pause_on_interaction&quot;:&quot;yes&quot;,&quot;autoplay_speed&quot;:5000,&quot;infinite&quot;:&quot;yes&quot;,&quot;transition&quot;:&quot;slide&quot;,&quot;transition_speed&quot;:500}\" data-widget_type=\"slides.default\">\n\t\t\t\t<div class=\"elementor-widget-container\">\n\t\t\t\t\t\t\t\t\t<div class=\"elementor-swiper\">\n\t\t\t\t\t<div class=\"elementor-slides-wrapper elementor-main-swiper swiper\" role=\"region\" aria-roledescription=\"carousel\" aria-label=\"Slider\" dir=\"ltr\" data-animation=\"zoomIn\">\n\t\t\t\t<div class=\"swiper-wrapper elementor-slides\">\n\t\t\t\t\t\t\t\t\t\t<div class=\"elementor-repeater-item-4fbe715 swiper-slide\" role=\"group\" aria-roledescription=\"slide\"><div class=\"swiper-slide-bg\" role=\"img\" aria-label=\"Till-Hydraulik-Holzverarbeitung\"><\/div><div class=\"swiper-slide-inner\" ><div class=\"swiper-slide-contents\"><div class=\"elementor-slide-heading\">Wood processing<\/div><\/div><\/div><\/div><div class=\"elementor-repeater-item-f330f51 swiper-slide\" role=\"group\" aria-roledescription=\"slide\"><div class=\"swiper-slide-bg\" role=\"img\" aria-label=\"Till-Hydraulik-Leimholzverarbeitung\"><\/div><div class=\"swiper-slide-inner\" ><div class=\"swiper-slide-contents\"><div class=\"elementor-slide-heading\">Laminated wood gluing<\/div><\/div><\/div><\/div><div class=\"elementor-repeater-item-8811ea4 swiper-slide\" role=\"group\" aria-roledescription=\"slide\"><div class=\"swiper-slide-bg\" role=\"img\" aria-label=\"Till-Hydraulik-Spanplattenherstellung\"><\/div><div class=\"swiper-slide-inner\" ><div class=\"swiper-slide-contents\"><div class=\"elementor-slide-heading\">Chipboard production<\/div><\/div><\/div><\/div>\t\t\t\t<\/div>\n\t\t\t\t\t\t\t\t\t\t\t\t\t\t\t<div class=\"elementor-swiper-button elementor-swiper-button-prev\" role=\"button\" tabindex=\"0\" aria-label=\"Previous slide\" data-no-translation-aria-label=\"\">\n\t\t\t\t\t\t\t<svg aria-hidden=\"true\" class=\"e-font-icon-svg e-eicon-chevron-left\" viewbox=\"0 0 1000 1000\" xmlns=\"http:\/\/www.w3.org\/2000\/svg\"><path d=\"M646 125C629 125 613 133 604 142L308 442C296 454 292 471 292 487 292 504 296 521 308 533L604 854C617 867 629 875 646 875 663 875 679 871 692 858 704 846 713 829 713 812 713 796 708 779 692 767L438 487 692 225C700 217 708 204 708 187 708 171 704 154 692 142 675 129 663 125 646 125Z\"><\/path><\/svg>\t\t\t\t\t\t<\/div>\n\t\t\t\t\t\t<div class=\"elementor-swiper-button elementor-swiper-button-next\" role=\"button\" tabindex=\"0\" aria-label=\"Next slide\" data-no-translation-aria-label=\"\">\n\t\t\t\t\t\t\t<svg aria-hidden=\"true\" class=\"e-font-icon-svg e-eicon-chevron-right\" viewbox=\"0 0 1000 1000\" xmlns=\"http:\/\/www.w3.org\/2000\/svg\"><path d=\"M696 533C708 521 713 504 713 487 713 471 708 454 696 446L400 146C388 133 375 125 354 125 338 125 325 129 313 142 300 154 292 171 292 187 292 204 296 221 308 233L563 492 304 771C292 783 288 800 288 817 288 833 296 850 308 863 321 871 338 875 354 875 371 875 388 867 400 854L696 533Z\"><\/path><\/svg>\t\t\t\t\t\t<\/div>\n\t\t\t\t\t\t\t\t\t\t\t\t\t\t\t\t<div class=\"swiper-pagination\"><\/div>\n\t\t\t\t\t\t\t\t\t\t\t\t<\/div>\n\t\t\t\t<\/div>\n\t\t\t\t\t\t\t\t<\/div>\n\t\t\t\t<\/div>\n\t\t\t\t\t<\/div>\n\t\t\t\t<\/div>\n\t\t<div class=\"elementor-element elementor-element-3964f3cc e-flex e-con-boxed e-con e-parent\" data-id=\"3964f3cc\" data-element_type=\"container\" data-e-type=\"container\" data-settings=\"{&quot;jet_parallax_layout_list&quot;:[]}\">\n\t\t\t\t\t<div class=\"e-con-inner\">\n\t\t\t\t<div class=\"elementor-element elementor-element-57d32bcb elementor-widget elementor-widget-text-editor\" data-id=\"57d32bcb\" data-element_type=\"widget\" data-e-type=\"widget\" data-widget_type=\"text-editor.default\">\n\t\t\t\t<div class=\"elementor-widget-container\">\n\t\t\t\t\t\t\t\t\t<p>We determine which cylinder type is the optimum solution for your application in close dialogue with you. We can draw on a wealth of experience in the development and optimisation of application-specific hydraulic cylinder designs.<\/p><p><strong>Cylinders from Hydreco Hydraulics GmbH<\/strong><\/p><ul><li>Differential cylinders<\/li><li>Single and double-acting cylinders<\/li><li>Pull cylinders<\/li><li>Telescopic cylinders<\/li><li>Pressure intensifier<\/li><li>Spring cylinders<\/li><li>Synchronised cylinders<\/li><\/ul>\t\t\t\t\t\t\t\t<\/div>\n\t\t\t\t<\/div>\n\t\t\t\t<div class=\"elementor-element elementor-element-c00fd52 elementor-widget elementor-widget-text-editor\" data-id=\"c00fd52\" data-element_type=\"widget\" data-e-type=\"widget\" data-widget_type=\"text-editor.default\">\n\t\t\t\t<div class=\"elementor-widget-container\">\n\t\t\t\t\t\t\t\t\t<p><strong>Many options for control elements and measurement technology can be selected:<\/strong><\/p><ul><li>Installation or assembly of valve cartridges<\/li><li>Directional control valves<\/li><li>Limit switches<\/li><li>Locking cylinder<\/li><li>Position measuring system<\/li><li>Damping<\/li><li>Lightweight construction<\/li><\/ul>\t\t\t\t\t\t\t\t<\/div>\n\t\t\t\t<\/div>\n\t\t\t\t\t<\/div>\n\t\t\t\t<\/div>\n\t\t<div class=\"elementor-element elementor-element-3cdd2c18 e-con-full e-flex e-con e-parent\" data-id=\"3cdd2c18\" data-element_type=\"container\" data-e-type=\"container\" data-settings=\"{&quot;jet_parallax_layout_list&quot;:[],&quot;background_background&quot;:&quot;classic&quot;}\">\n\t\t\t\t<div class=\"elementor-element elementor-element-844d70d elementor-widget__width-inherit elementor-widget elementor-widget-template\" data-id=\"844d70d\" data-element_type=\"widget\" data-e-type=\"widget\" data-widget_type=\"template.default\">\n\t\t\t\t<div class=\"elementor-widget-container\">\n\t\t\t\t\t\t\t<div class=\"elementor-template\">\n\t\t\t\t\t<div data-elementor-type=\"container\" data-elementor-id=\"1502\" class=\"elementor elementor-1502\" data-elementor-post-type=\"elementor_library\">\n\t\t\t\t<div class=\"elementor-element elementor-element-1e7627c e-con-full e-flex elementor-invisible e-con e-parent\" data-id=\"1e7627c\" data-element_type=\"container\" data-e-type=\"container\" data-settings=\"{&quot;background_background&quot;:&quot;gradient&quot;,&quot;jet_parallax_layout_list&quot;:[],&quot;animation&quot;:&quot;slideInUp&quot;,&quot;animation_delay&quot;:0}\">\n\t\t<div class=\"elementor-element elementor-element-3e1080f0 e-con-full e-flex e-con e-child\" data-id=\"3e1080f0\" data-element_type=\"container\" data-e-type=\"container\" data-settings=\"{&quot;jet_parallax_layout_list&quot;:[]}\">\n\t\t\t\t<div class=\"elementor-element elementor-element-8aabd67 elementor-widget elementor-widget-image\" data-id=\"8aabd67\" data-element_type=\"widget\" data-e-type=\"widget\" data-widget_type=\"image.default\">\n\t\t\t\t<div class=\"elementor-widget-container\">\n\t\t\t\t\t\t\t\t\t\t\t\t\t\t\t<img fetchpriority=\"high\" decoding=\"async\" width=\"800\" height=\"446\" src=\"https:\/\/www.hydreco.de\/wp-content\/uploads\/2024\/05\/Till-Hydraulik-CTA-Service-Beratung.jpg\" class=\"attachment-large size-large wp-image-183\" alt=\"Till-Hydraulik-CTA-Service-Beratung\" srcset=\"https:\/\/www.hydreco.de\/wp-content\/uploads\/2024\/05\/Till-Hydraulik-CTA-Service-Beratung.jpg 1000w, https:\/\/www.hydreco.de\/wp-content\/uploads\/2024\/05\/Till-Hydraulik-CTA-Service-Beratung-300x167.jpg 300w, https:\/\/www.hydreco.de\/wp-content\/uploads\/2024\/05\/Till-Hydraulik-CTA-Service-Beratung-768x429.jpg 768w, https:\/\/www.hydreco.de\/wp-content\/uploads\/2024\/05\/Till-Hydraulik-CTA-Service-Beratung-18x10.jpg 18w\" sizes=\"(max-width: 800px) 100vw, 800px\" \/>\t\t\t\t\t\t\t\t\t\t\t\t\t\t\t<\/div>\n\t\t\t\t<\/div>\n\t\t\t\t<\/div>\n\t\t<div class=\"elementor-element elementor-element-1f5b471d e-con-full e-flex e-con e-child\" data-id=\"1f5b471d\" data-element_type=\"container\" data-e-type=\"container\" data-settings=\"{&quot;jet_parallax_layout_list&quot;:[]}\">\n\t\t\t\t<div class=\"elementor-element elementor-element-46b89309 elementor-widget elementor-widget-heading\" data-id=\"46b89309\" data-element_type=\"widget\" data-e-type=\"widget\" data-widget_type=\"heading.default\">\n\t\t\t\t<div class=\"elementor-widget-container\">\n\t\t\t\t\t<h2 class=\"elementor-heading-title elementor-size-default\">How can we help you?<\/h2>\t\t\t\t<\/div>\n\t\t\t\t<\/div>\n\t\t\t\t<div class=\"elementor-element elementor-element-7c206f47 elementor-widget elementor-widget-text-editor\" data-id=\"7c206f47\" data-element_type=\"widget\" data-e-type=\"widget\" data-widget_type=\"text-editor.default\">\n\t\t\t\t<div class=\"elementor-widget-container\">\n\t\t\t\t\t\t\t\t\t<p>Contact us now for customised hydraulic solutions that meet your requirements!<\/p>\t\t\t\t\t\t\t\t<\/div>\n\t\t\t\t<\/div>\n\t\t\t\t<div class=\"elementor-element elementor-element-6ee109ab elementor-widget elementor-widget-text-editor\" data-id=\"6ee109ab\" data-element_type=\"widget\" data-e-type=\"widget\" data-widget_type=\"text-editor.default\">\n\t\t\t\t<div class=\"elementor-widget-container\">\n\t\t\t\t\t\t\t\t\t<p><a href=\"tel:+49 5351 \/ 5586 0\">+49 5351 \/ 5586 0<\/a><br \/><a href=\"mailto:info@hydreco.de\">info@hydreco.de<\/a><\/p>\t\t\t\t\t\t\t\t<\/div>\n\t\t\t\t<\/div>\n\t\t\t\t<\/div>\n\t\t\t\t<\/div>\n\t\t\t\t<\/div>\n\t\t\t\t<\/div>\n\t\t\t\t\t\t<\/div>\n\t\t\t\t<\/div>\n\t\t\t\t<\/div>\n\t\t\t\t<\/div>","protected":false},"excerpt":{"rendered":"<p>Holzverarbeitung Unsere Zylinder werden in vielen Bereichen der Holzverarbeitung eingesetzt. Im Anlagenbau, im Bereich der Pressen finden Sie unsere Produkte in Anlagen zur M\u00fcllentsorgung, Zerkleinerung und zur Herstellung von Spanplatten.Hydraulikzylinder aus der Hydreco Hydraulics-Produktion basieren auf speziellen konstruktiven L\u00f6sungen, die in Zusammenarbeit mit unseren Kunden entstehen. Ausschlie\u00dflich Einsatzgebiet, Randbedingungen und Leistungsparameter bestimmen die konstruktive Gestaltung [&hellip;]<\/p>\n","protected":false},"author":1,"featured_media":0,"parent":11,"menu_order":15,"comment_status":"closed","ping_status":"closed","template":"elementor_header_footer","meta":{"footnotes":""},"folder":[],"class_list":["post-622","page","type-page","status-publish","hentry"],"yoast_head":"<!-- This site is optimized with the Yoast SEO plugin v27.4 - https:\/\/yoast.com\/product\/yoast-seo-wordpress\/ -->\n<title>Hydraulikl\u00f6sungen in der Holzverarbeitung - www.hydreco.de<\/title>\n<meta name=\"description\" content=\"Hydraulikl\u00f6sungen f\u00fcr die Holzverarbeitung: Till Hydraulik liefert robuste und pr\u00e4zise Systeme f\u00fcr S\u00e4gewerke und Holzverarbeitungsmaschinen. Setzen Sie auf effiziente und langlebige Hydrauliktechnologie.\" \/>\n<meta name=\"robots\" content=\"index, follow, max-snippet:-1, max-image-preview:large, max-video-preview:-1\" \/>\n<link rel=\"canonical\" href=\"https:\/\/www.hydreco.de\/en\/anwendungen\/holzverarbeitung\/\" \/>\n<meta property=\"og:locale\" content=\"en_GB\" \/>\n<meta property=\"og:type\" content=\"article\" \/>\n<meta property=\"og:title\" content=\"Hydraulikl\u00f6sungen in der Holzverarbeitung - www.hydreco.de\" \/>\n<meta property=\"og:description\" content=\"Hydraulikl\u00f6sungen f\u00fcr die Holzverarbeitung: Till Hydraulik liefert robuste und pr\u00e4zise Systeme f\u00fcr S\u00e4gewerke und Holzverarbeitungsmaschinen. Setzen Sie auf effiziente und langlebige Hydrauliktechnologie.\" \/>\n<meta property=\"og:url\" content=\"https:\/\/www.hydreco.de\/en\/anwendungen\/holzverarbeitung\/\" \/>\n<meta property=\"og:site_name\" content=\"www.hydreco.de\" \/>\n<meta property=\"article:modified_time\" content=\"2025-02-10T13:04:55+00:00\" \/>\n<meta name=\"twitter:card\" content=\"summary_large_image\" \/>\n<meta name=\"twitter:label1\" content=\"Estimated reading time\" \/>\n\t<meta name=\"twitter:data1\" content=\"2 minutes\" \/>\n<script type=\"application\/ld+json\" class=\"yoast-schema-graph\">{\"@context\":\"https:\\\/\\\/schema.org\",\"@graph\":[{\"@type\":\"WebPage\",\"@id\":\"https:\\\/\\\/www.hydreco.de\\\/anwendungen\\\/holzverarbeitung\\\/\",\"url\":\"https:\\\/\\\/www.hydreco.de\\\/anwendungen\\\/holzverarbeitung\\\/\",\"name\":\"Hydraulikl\u00f6sungen in der Holzverarbeitung - www.hydreco.de\",\"isPartOf\":{\"@id\":\"https:\\\/\\\/www.hydreco.de\\\/#website\"},\"datePublished\":\"2024-05-22T15:08:35+00:00\",\"dateModified\":\"2025-02-10T13:04:55+00:00\",\"description\":\"Hydraulikl\u00f6sungen f\u00fcr die Holzverarbeitung: Till Hydraulik liefert robuste und pr\u00e4zise Systeme f\u00fcr S\u00e4gewerke und Holzverarbeitungsmaschinen. Setzen Sie auf effiziente und langlebige Hydrauliktechnologie.\",\"breadcrumb\":{\"@id\":\"https:\\\/\\\/www.hydreco.de\\\/anwendungen\\\/holzverarbeitung\\\/#breadcrumb\"},\"inLanguage\":\"en-GB\",\"potentialAction\":[{\"@type\":\"ReadAction\",\"target\":[\"https:\\\/\\\/www.hydreco.de\\\/anwendungen\\\/holzverarbeitung\\\/\"]}]},{\"@type\":\"BreadcrumbList\",\"@id\":\"https:\\\/\\\/www.hydreco.de\\\/anwendungen\\\/holzverarbeitung\\\/#breadcrumb\",\"itemListElement\":[{\"@type\":\"ListItem\",\"position\":1,\"name\":\"Home\",\"item\":\"https:\\\/\\\/www.hydreco.de\\\/\"},{\"@type\":\"ListItem\",\"position\":2,\"name\":\"Anwendungen\",\"item\":\"https:\\\/\\\/www.hydreco.de\\\/anwendungen\\\/\"},{\"@type\":\"ListItem\",\"position\":3,\"name\":\"Holzverarbeitung\"}]},{\"@type\":\"WebSite\",\"@id\":\"https:\\\/\\\/www.hydreco.de\\\/#website\",\"url\":\"https:\\\/\\\/www.hydreco.de\\\/\",\"name\":\"www.hydreco.de\",\"description\":\"Hydraulik-L\u00f6sungen f\u00fcr alle Anwendungen\",\"publisher\":{\"@id\":\"https:\\\/\\\/www.hydreco.de\\\/#organization\"},\"potentialAction\":[{\"@type\":\"SearchAction\",\"target\":{\"@type\":\"EntryPoint\",\"urlTemplate\":\"https:\\\/\\\/www.hydreco.de\\\/?s={search_term_string}\"},\"query-input\":{\"@type\":\"PropertyValueSpecification\",\"valueRequired\":true,\"valueName\":\"search_term_string\"}}],\"inLanguage\":\"en-GB\"},{\"@type\":\"Organization\",\"@id\":\"https:\\\/\\\/www.hydreco.de\\\/#organization\",\"name\":\"www.hydreco.de\",\"url\":\"https:\\\/\\\/www.hydreco.de\\\/\",\"logo\":{\"@type\":\"ImageObject\",\"inLanguage\":\"en-GB\",\"@id\":\"https:\\\/\\\/www.hydreco.de\\\/#\\\/schema\\\/logo\\\/image\\\/\",\"url\":\"https:\\\/\\\/www.hydreco.de\\\/wp-content\\\/uploads\\\/2025\\\/06\\\/Logo-Hydreco-Move-Modern.svg\",\"contentUrl\":\"https:\\\/\\\/www.hydreco.de\\\/wp-content\\\/uploads\\\/2025\\\/06\\\/Logo-Hydreco-Move-Modern.svg\",\"width\":334.83,\"height\":45.79,\"caption\":\"www.hydreco.de\"},\"image\":{\"@id\":\"https:\\\/\\\/www.hydreco.de\\\/#\\\/schema\\\/logo\\\/image\\\/\"}}]}<\/script>\n<!-- \/ Yoast SEO plugin. -->","yoast_head_json":{"title":"Hydraulikl\u00f6sungen in der Holzverarbeitung - www.hydreco.de","description":"Hydraulikl\u00f6sungen f\u00fcr die Holzverarbeitung: Till Hydraulik liefert robuste und pr\u00e4zise Systeme f\u00fcr S\u00e4gewerke und Holzverarbeitungsmaschinen. Setzen Sie auf effiziente und langlebige Hydrauliktechnologie.","robots":{"index":"index","follow":"follow","max-snippet":"max-snippet:-1","max-image-preview":"max-image-preview:large","max-video-preview":"max-video-preview:-1"},"canonical":"https:\/\/www.hydreco.de\/en\/anwendungen\/holzverarbeitung\/","og_locale":"en_GB","og_type":"article","og_title":"Hydraulikl\u00f6sungen in der Holzverarbeitung - www.hydreco.de","og_description":"Hydraulikl\u00f6sungen f\u00fcr die Holzverarbeitung: Till Hydraulik liefert robuste und pr\u00e4zise Systeme f\u00fcr S\u00e4gewerke und Holzverarbeitungsmaschinen. Setzen Sie auf effiziente und langlebige Hydrauliktechnologie.","og_url":"https:\/\/www.hydreco.de\/en\/anwendungen\/holzverarbeitung\/","og_site_name":"www.hydreco.de","article_modified_time":"2025-02-10T13:04:55+00:00","twitter_card":"summary_large_image","twitter_misc":{"Estimated reading time":"2 minutes"},"schema":{"@context":"https:\/\/schema.org","@graph":[{"@type":"WebPage","@id":"https:\/\/www.hydreco.de\/anwendungen\/holzverarbeitung\/","url":"https:\/\/www.hydreco.de\/anwendungen\/holzverarbeitung\/","name":"Hydraulikl\u00f6sungen in der Holzverarbeitung - www.hydreco.de","isPartOf":{"@id":"https:\/\/www.hydreco.de\/#website"},"datePublished":"2024-05-22T15:08:35+00:00","dateModified":"2025-02-10T13:04:55+00:00","description":"Hydraulikl\u00f6sungen f\u00fcr die Holzverarbeitung: Till Hydraulik liefert robuste und pr\u00e4zise Systeme f\u00fcr S\u00e4gewerke und Holzverarbeitungsmaschinen. Setzen Sie auf effiziente und langlebige Hydrauliktechnologie.","breadcrumb":{"@id":"https:\/\/www.hydreco.de\/anwendungen\/holzverarbeitung\/#breadcrumb"},"inLanguage":"en-GB","potentialAction":[{"@type":"ReadAction","target":["https:\/\/www.hydreco.de\/anwendungen\/holzverarbeitung\/"]}]},{"@type":"BreadcrumbList","@id":"https:\/\/www.hydreco.de\/anwendungen\/holzverarbeitung\/#breadcrumb","itemListElement":[{"@type":"ListItem","position":1,"name":"Home","item":"https:\/\/www.hydreco.de\/"},{"@type":"ListItem","position":2,"name":"Anwendungen","item":"https:\/\/www.hydreco.de\/anwendungen\/"},{"@type":"ListItem","position":3,"name":"Holzverarbeitung"}]},{"@type":"WebSite","@id":"https:\/\/www.hydreco.de\/#website","url":"https:\/\/www.hydreco.de\/","name":"www.hydreco.de","description":"Hydraulik-L\u00f6sungen f\u00fcr alle Anwendungen","publisher":{"@id":"https:\/\/www.hydreco.de\/#organization"},"potentialAction":[{"@type":"SearchAction","target":{"@type":"EntryPoint","urlTemplate":"https:\/\/www.hydreco.de\/?s={search_term_string}"},"query-input":{"@type":"PropertyValueSpecification","valueRequired":true,"valueName":"search_term_string"}}],"inLanguage":"en-GB"},{"@type":"Organization","@id":"https:\/\/www.hydreco.de\/#organization","name":"www.hydreco.de","url":"https:\/\/www.hydreco.de\/","logo":{"@type":"ImageObject","inLanguage":"en-GB","@id":"https:\/\/www.hydreco.de\/#\/schema\/logo\/image\/","url":"https:\/\/www.hydreco.de\/wp-content\/uploads\/2025\/06\/Logo-Hydreco-Move-Modern.svg","contentUrl":"https:\/\/www.hydreco.de\/wp-content\/uploads\/2025\/06\/Logo-Hydreco-Move-Modern.svg","width":334.83,"height":45.79,"caption":"www.hydreco.de"},"image":{"@id":"https:\/\/www.hydreco.de\/#\/schema\/logo\/image\/"}}]}},"_links":{"self":[{"href":"https:\/\/www.hydreco.de\/en\/wp-json\/wp\/v2\/pages\/622","targetHints":{"allow":["GET"]}}],"collection":[{"href":"https:\/\/www.hydreco.de\/en\/wp-json\/wp\/v2\/pages"}],"about":[{"href":"https:\/\/www.hydreco.de\/en\/wp-json\/wp\/v2\/types\/page"}],"author":[{"embeddable":true,"href":"https:\/\/www.hydreco.de\/en\/wp-json\/wp\/v2\/users\/1"}],"replies":[{"embeddable":true,"href":"https:\/\/www.hydreco.de\/en\/wp-json\/wp\/v2\/comments?post=622"}],"version-history":[{"count":76,"href":"https:\/\/www.hydreco.de\/en\/wp-json\/wp\/v2\/pages\/622\/revisions"}],"predecessor-version":[{"id":6484,"href":"https:\/\/www.hydreco.de\/en\/wp-json\/wp\/v2\/pages\/622\/revisions\/6484"}],"up":[{"embeddable":true,"href":"https:\/\/www.hydreco.de\/en\/wp-json\/wp\/v2\/pages\/11"}],"wp:attachment":[{"href":"https:\/\/www.hydreco.de\/en\/wp-json\/wp\/v2\/media?parent=622"}],"wp:term":[{"taxonomy":"folder","embeddable":true,"href":"https:\/\/www.hydreco.de\/en\/wp-json\/wp\/v2\/folder?post=622"}],"curies":[{"name":"wp","href":"https:\/\/api.w.org\/{rel}","templated":true}]}}